{"id":3370,"date":"2020-04-02T13:03:04","date_gmt":"2020-04-02T13:03:04","guid":{"rendered":"https:\/\/shop.wegho.com\/?page_id=3370"},"modified":"2020-04-04T13:55:56","modified_gmt":"2020-04-04T13:55:56","slug":"smartdose","status":"publish","type":"page","link":"https:\/\/shop.wegho.com\/es\/smartdose\/","title":{"rendered":"Smartdose"},"content":{"rendered":"<div class=\"vc_row wpb_row vc_row-fluid\"><div class=\"wpb_column vc_column_container vc_col-sm-6\"><div class=\"vc_column-inner\"><div class=\"wpb_wrapper\">\n\t\t<div id=\"wd-5e8717357aecf\" class=\"title-wrapper  woodmart-title-color-primary woodmart-title-style-default woodmart-title-width-80 text-center woodmart-title-size-default vc_custom_1585911611309\">\n\t\t\t\n\t\t\t<div class=\"liner-continer\">\n\t\t\t\t<span class=\"left-line\"><\/span>\n\t\t\t\t<h1 class=\"woodmart-title-container title  woodmart-font-weight-\" >N\u00c3O SABE COMO USAR A SMARTDOSE?<br \/>\nN\u00d3S EXPLICAMOS!<\/h1>\t\t\t\t\t\t\t\t<span class=\"right-line\"><\/span>\n\t\t\t<\/div>\n\t\t\t\n\t\t\t\n\t\t\t\t\t<\/div>\n\t\t\n\t\t\t\n\t\t\t<div id=\"wd-5e85ecdb66ddd\" class=\"woodmart-text-block-wrapper color-scheme- woodmart-title-size-custom woodmart-title-width-80 text-center\">\n\t\t\t\t<div class=\"woodmart-title-container woodmart-text-block font-primary woodmart-font-weight-500\">\n\t\t\t\t\t<span style=\"color: #1c1f2a;\">Uma dosagem adequada reduz os custos e minimiza o impacto ambiental. O sistema de doseamento SmartDose pode ser usado com controlo de doseamento para pulverizadores ou para limpeza manual em balde.<\/span>\t\t\t\t<\/div>\n\t\t\t\t\t\n\t\t\t<\/div>\n\t\t<\/div><\/div><\/div><div class=\"wpb_column vc_column_container vc_col-sm-6\"><div class=\"vc_column-inner\"><div class=\"wpb_wrapper\">\n\t<div  class=\"wpb_single_image wpb_content_element vc_align_center\">\n\t\t\n\t\t<figure class=\"wpb_wrapper vc_figure\">\n\t\t\t<div class=\"vc_single_image-wrapper   vc_box_border_grey\"><img src=\"https:\/\/shop.wegho.com\/wp-content\/uploads\/2020\/04\/hero-image-smart-dose_Prancheta-1.svg\" class=\"vc_single_image-img attachment-medium\" alt=\"\" loading=\"lazy\" height=\"609\" width=\"767\" \/><\/div>\n\t\t<\/figure>\n\t<\/div>\n<\/div><\/div><\/div><\/div><div class=\"vc_row wpb_row vc_row-fluid\"><div class=\"wpb_column vc_column_container vc_col-sm-12\"><div class=\"vc_column-inner\"><div class=\"wpb_wrapper\"><div class=\"vc_separator wpb_content_element vc_separator_align_center vc_sep_width_100 vc_sep_pos_align_center vc_separator_no_text\" ><span class=\"vc_sep_holder vc_sep_holder_l\"><span  style=\"border-color:#71b2c9;\" class=\"vc_sep_line\"><\/span><\/span><span class=\"vc_sep_holder vc_sep_holder_r\"><span  style=\"border-color:#71b2c9;\" class=\"vc_sep_line\"><\/span><\/span>\n<\/div><div class=\"vc_empty_space\"   style=\"height: 32px\"><span class=\"vc_empty_space_inner\"><\/span><\/div>\n\t\t<div id=\"wd-5e85ee4194f52\" class=\"title-wrapper  woodmart-title-color-primary woodmart-title-style-default woodmart-title-width-80 text-left woodmart-title-size-default vc_custom_1585835590397\">\n\t\t\t\n\t\t\t<div class=\"liner-continer\">\n\t\t\t\t<span class=\"left-line\"><\/span>\n\t\t\t\t<h4 class=\"woodmart-title-container title  woodmart-font-weight-\" >GUIA DE UTILIZA\u00c7\u00c3O<\/h4>\t\t\t\t\t\t\t\t<span class=\"right-line\"><\/span>\n\t\t\t<\/div>\n\t\t\t\n\t\t\t\n\t\t\t\t\t<\/div>\n\t\t\n\t\t<div class=\"vc_empty_space\"   style=\"height: 24px\"><span class=\"vc_empty_space_inner\"><\/span><\/div><div class=\"vc_row wpb_row vc_inner vc_row-fluid\"><div class=\"wpb_column vc_column_container vc_col-sm-3\"><div class=\"vc_column-inner\"><div class=\"wpb_wrapper\">\n\t<div  class=\"wpb_single_image wpb_content_element vc_align_center\">\n\t\t\n\t\t<figure class=\"wpb_wrapper vc_figure\">\n\t\t\t<div class=\"vc_single_image-wrapper   vc_box_border_grey\"><img data-vc-zoom=\"https:\/\/shop.wegho.com\/wp-content\/uploads\/2020\/04\/s1-02.svg\" src=\"https:\/\/shop.wegho.com\/wp-content\/uploads\/2020\/04\/s1-02.svg\" class=\"vc_single_image-img attachment-medium\" alt=\"\" loading=\"lazy\" height=\"107.3\" width=\"139\" \/><\/div>\n\t\t<\/figure>\n\t<\/div>\n\t\n\t\t\t<div id=\"wd-5e85f4e364744\" class=\"woodmart-text-block-wrapper color-scheme- woodmart-title-size-custom woodmart-title-width-100 text-center\">\n\t\t\t\t<div class=\"woodmart-title-container woodmart-text-block font-text woodmart-font-weight-\">\n\t\t\t\t\tRodar para pulverizar, balde ou cuba.\t\t\t\t<\/div>\n\t\t\t\t\t\n\t\t\t<\/div>\n\t\t<\/div><\/div><\/div><div class=\"wpb_column vc_column_container vc_col-sm-3\"><div class=\"vc_column-inner\"><div class=\"wpb_wrapper\">\n\t<div  class=\"wpb_single_image wpb_content_element vc_align_center\">\n\t\t\n\t\t<figure class=\"wpb_wrapper vc_figure\">\n\t\t\t<div class=\"vc_single_image-wrapper   vc_box_border_grey\"><img data-vc-zoom=\"https:\/\/shop.wegho.com\/wp-content\/uploads\/2020\/04\/b-02.svg\" src=\"https:\/\/shop.wegho.com\/wp-content\/uploads\/2020\/04\/b-02.svg\" class=\"vc_single_image-img attachment-medium\" alt=\"\" loading=\"lazy\" height=\"107.3\" width=\"139\" \/><\/div>\n\t\t<\/figure>\n\t<\/div>\n\t\n\t\t\t<div id=\"wd-5e85f3104bb86\" class=\"woodmart-text-block-wrapper color-scheme- woodmart-title-size-custom woodmart-title-width-100 text-center\">\n\t\t\t\t<div class=\"woodmart-title-container woodmart-text-block font-text woodmart-font-weight-\">\n\t\t\t\t\tPara o balde: puxar e pressionar 1 dose na posi\u00e7\u00e3o de balde para 8 litros de \u00e1gua morna.\t\t\t\t<\/div>\n\t\t\t\t\t\n\t\t\t<\/div>\n\t\t<\/div><\/div><\/div><div class=\"wpb_column vc_column_container vc_col-sm-3\"><div class=\"vc_column-inner\"><div class=\"wpb_wrapper\">\n\t<div  class=\"wpb_single_image wpb_content_element vc_align_center\">\n\t\t\n\t\t<figure class=\"wpb_wrapper vc_figure\">\n\t\t\t<div class=\"vc_single_image-wrapper   vc_box_border_grey\"><img data-vc-zoom=\"https:\/\/shop.wegho.com\/wp-content\/uploads\/2020\/04\/3-02.svg\" src=\"https:\/\/shop.wegho.com\/wp-content\/uploads\/2020\/04\/3-02.svg\" class=\"vc_single_image-img attachment-medium\" alt=\"\" loading=\"lazy\" height=\"107.3\" width=\"139\" \/><\/div>\n\t\t<\/figure>\n\t<\/div>\n\t\n\t\t\t<div id=\"wd-5e85f4a2d3a6b\" class=\"woodmart-text-block-wrapper color-scheme- woodmart-title-size-custom woodmart-title-width-100 text-center\">\n\t\t\t\t<div class=\"woodmart-title-container woodmart-text-block font-text woodmart-font-weight-\">\n\t\t\t\t\tPara o pulverizador: Puxar e pressionar 1 dose na posi\u00e7\u00e3o de pulverizador para 750 ml de \u00e1gua morna.\t\t\t\t<\/div>\n\t\t\t\t\t\n\t\t\t<\/div>\n\t\t<\/div><\/div><\/div><div class=\"wpb_column vc_column_container vc_col-sm-3\"><div class=\"vc_column-inner\"><div class=\"wpb_wrapper\">\n\t<div  class=\"wpb_single_image wpb_content_element vc_align_center\">\n\t\t\n\t\t<figure class=\"wpb_wrapper vc_figure\">\n\t\t\t<div class=\"vc_single_image-wrapper   vc_box_border_grey\"><img data-vc-zoom=\"https:\/\/shop.wegho.com\/wp-content\/uploads\/2020\/04\/4-02.svg\" src=\"https:\/\/shop.wegho.com\/wp-content\/uploads\/2020\/04\/4-02.svg\" class=\"vc_single_image-img attachment-medium\" alt=\"\" loading=\"lazy\" height=\"107.3\" width=\"139\" \/><\/div>\n\t\t<\/figure>\n\t<\/div>\n\t\n\t\t\t<div id=\"wd-5e85f61bc5c33\" class=\"woodmart-text-block-wrapper color-scheme- woodmart-title-size-custom woodmart-title-width-100 text-center\">\n\t\t\t\t<div class=\"woodmart-title-container woodmart-text-block font-text woodmart-font-weight-\">\n\t\t\t\t\tPara a cuba: Puxar e pressionar 1 dose na posi\u00e7\u00e3o cuba para 40 litros de \u00e1gua.\t\t\t\t<\/div>\n\t\t\t\t\t\n\t\t\t<\/div>\n\t\t<\/div><\/div><\/div><\/div><div class=\"vc_empty_space\"   style=\"height: 32px\"><span class=\"vc_empty_space_inner\"><\/span><\/div>\t\t<div class=\"promo-banner-wrapper\">\n\t\t\t<div id=\"wd-5e8891c64e035\" class=\"promo-banner banner-vr-align-middle banner-hr-align-center banner- banner-hover-none color-scheme-light banner-btn-size-default banner-btn-style-bordered  with-btn banner-btn-position-hover cursor-pointer\" onclick=\"window.location.href='https:\/\/shop.wegho.com\/pt\/product-tag\/smartodse\/'\" >\n\n\t\t\t\t<div class=\"main-wrapp-img\">\n\t\t\t\t\t<div class=\"banner-image\">\n\t\t\t\t\t\t\t\t\t\t\t\t\t\t\t\t\t\t\t\t\t<img class=\"promo-banner-image image-1\" src=\"https:\/\/shop.wegho.com\/wp-content\/uploads\/2020\/04\/footer-03.svg\" width=\"\" height=\"\" alt=\"footer-03\" title=\"footer-03\" \/>\t\t\t\t\t\t\t\t\t\t\t\t\t\t\t\t\t\t<\/div>\n\t\t\t\t<\/div>\n\n\t\t\t\t<div class=\"wrapper-content-banner\">\n\t\t\t\t\t<div class=\"content-banner text-center content-width-60\">\n\t\t\t\t\t\t\t<div class=\"banner-title-wrap banner-title-large\"><span class=\"banner-subtitle subtitle-color-primary subtitle-style-default woodmart-font-weight-600 font-primary\">Vamos limpar hoje?<\/span><\/div>\n\t\t\t\t\t\t\t\t\t\t\t\t<div class=\"banner-btn-wrapper\"><div id=\"wd-69d6fd782527e\" class=\"woodmart-button-wrapper text-center\"><a  class=\"btn btn-color-primary btn-style-bordered btn-shape-semi-round btn-size-default\">Vamos!<\/a><\/div><\/div>\t\t\t\t\t<\/div>\n\t\t\t\t<\/div>\n\t\t\t\t\t\t\t<\/div>\n\t\t<\/div>\n\t\t\n\t\t<\/div><\/div><\/div><\/div>","protected":false},"excerpt":{"rendered":"N\u00c3O SABE COMO USAR A SMARTDOSE? N\u00d3S EXPLICAMOS! Uma dosagem adequada reduz os custos e minimiza o impacto ambiental. O","protected":false},"author":1,"featured_media":0,"parent":0,"menu_order":0,"comment_status":"closed","ping_status":"closed","template":"","meta":[],"_links":{"self":[{"href":"https:\/\/shop.wegho.com\/es\/wp-json\/wp\/v2\/pages\/3370"}],"collection":[{"href":"https:\/\/shop.wegho.com\/es\/wp-json\/wp\/v2\/pages"}],"about":[{"href":"https:\/\/shop.wegho.com\/es\/wp-json\/wp\/v2\/types\/page"}],"author":[{"embeddable":true,"href":"https:\/\/shop.wegho.com\/es\/wp-json\/wp\/v2\/users\/1"}],"replies":[{"embeddable":true,"href":"https:\/\/shop.wegho.com\/es\/wp-json\/wp\/v2\/comments?post=3370"}],"version-history":[{"count":51,"href":"https:\/\/shop.wegho.com\/es\/wp-json\/wp\/v2\/pages\/3370\/revisions"}],"predecessor-version":[{"id":3726,"href":"https:\/\/shop.wegho.com\/es\/wp-json\/wp\/v2\/pages\/3370\/revisions\/3726"}],"wp:attachment":[{"href":"https:\/\/shop.wegho.com\/es\/wp-json\/wp\/v2\/media?parent=3370"}],"curies":[{"name":"wp","href":"https:\/\/api.w.org\/{rel}","templated":true}]}}