{"id":3272,"date":"2020-04-01T14:31:44","date_gmt":"2020-04-01T14:31:44","guid":{"rendered":"https:\/\/shop.wegho.com\/?page_id=3272"},"modified":"2020-04-03T10:37:00","modified_gmt":"2020-04-03T10:37:00","slug":"ecolabel","status":"publish","type":"page","link":"https:\/\/shop.wegho.com\/pt\/ecolabel\/","title":{"rendered":"Ecolabel"},"content":{"rendered":"<div data-vc-full-width=\"true\" data-vc-full-width-init=\"false\" class=\"vc_row wpb_row vc_row-fluid opacity-video-bg vc_custom_1585827059003 vc_row-has-fill\"><div class=\"wpb_column vc_column_container vc_col-sm-12\"><div class=\"vc_column-inner\"><div class=\"wpb_wrapper\"><\/div><\/div><\/div><\/div><div class=\"vc_row-full-width vc_clearfix\"><\/div><div class=\"vc_row wpb_row vc_row-fluid\"><div class=\"wpb_column vc_column_container vc_col-sm-12\"><div class=\"vc_column-inner\"><div class=\"wpb_wrapper\">\n\t\t<div id=\"wd-5e8711c31bb4b\" class=\"title-wrapper  woodmart-title-color-primary woodmart-title-style-default woodmart-title-width-100 text-center woodmart-title-size-custom \">\n\t\t\t\n\t\t\t<div class=\"liner-continer\">\n\t\t\t\t<span class=\"left-line\"><\/span>\n\t\t\t\t<h1 class=\"woodmart-title-container title  woodmart-font-weight-600\" >NA HORA DE ESCOLHER<br \/>\nSEJA AMIGO DO AMBIENTE E DO SEU LAR<\/h1>\t\t\t\t\t\t\t\t<span class=\"right-line\"><\/span>\n\t\t\t<\/div>\n\t\t\t\n\t\t\t\n\t\t\t\t\t<\/div>\n\t\t\n\t\t\t\n\t\t\t<div id=\"wd-5e85c0390827d\" class=\"woodmart-text-block-wrapper color-scheme- woodmart-title-size-small woodmart-title-width-60 text-center \">\n\t\t\t\t<div class=\"woodmart-title-container woodmart-text-block font-primary woodmart-font-weight-\">\n\t\t\t\t\t<\/p>\n<p style=\"text-align: center;\"><span style=\"color: #71b2c9;\">\u00c9 mais f\u00e1cil do que pensa fazer a escolha mais respons\u00e1vel pela sua<\/span><br \/>\n<span style=\"color: #71b2c9;\">casa, trabalho ou tempo livre. Na hora de escolher, compre os <strong>produtos com o\u00a0 r\u00f3tulo ecol\u00f3gico da UE<\/strong>. Adote hoje um um estilo de vida sustent\u00e1vel e ajude a inspirar ao seu redor.<\/span><\/p>\n<p>\t\t\t\t<\/div>\n\t\t\t\t\t\n\t\t\t<\/div>\n\t\t<div class=\"vc_empty_space\"   style=\"height: 32px\"><span class=\"vc_empty_space_inner\"><\/span><\/div><div class=\"vc_row wpb_row vc_inner vc_row-fluid\"><div class=\"wpb_column vc_column_container vc_col-sm-6\"><div class=\"vc_column-inner\"><div class=\"wpb_wrapper\"><div class=\"vc_empty_space\"   style=\"height: 32px\"><span class=\"vc_empty_space_inner\"><\/span><\/div>\t\n\t\t\t<div id=\"wd-5e85c0a5b75b2\" class=\"woodmart-text-block-wrapper color-scheme- woodmart-title-size-custom woodmart-title-width-100 text-left \">\n\t\t\t\t<div class=\"woodmart-title-container woodmart-text-block font-primary woodmart-font-weight-\">\n\t\t\t\t\t<\/p>\n<p style=\"font-size: 18px;\"><span style=\"color: #1c1f2a;\"><strong>O r\u00f3tulo que faz escolhas verdes!<\/strong><\/span><\/p>\n<p><span style=\"color: #1c1f2a;\">O r\u00f3tulo ecol\u00f3gico da UE promove a transi\u00e7\u00e3o para uma economia circular, isto \u00e9 apenas s\u00e3o colocados no mercado novos produtos quando os antigos esgotam. Deste modo, promove-se a produ\u00e7\u00e3o de bens que:<\/span><\/p>\n<ul>\n<li><span style=\"color: #1c1f2a;\">Promovam a inova\u00e7\u00e3o verde e ind\u00fastrias sustent\u00e1veis;<\/span><\/li>\n<li><span style=\"color: #1c1f2a;\">Criem menos desperd\u00edcio e Di\u00f3xido de Carbono quando s\u00e3o fabricados e usados;<\/span><\/li>\n<li><span style=\"color: #1c1f2a;\">Usem energia, \u00e1gua e mat\u00e9rias-primas com mais sabedoria;<\/span><\/li>\n<li><span style=\"color: #1c1f2a;\">Durem mais;<\/span><\/li>\n<li><span style=\"color: #1c1f2a;\">S\u00e3o f\u00e1ceis de reciclar.<\/span><\/li>\n<\/ul>\n<p>\t\t\t\t<\/div>\n\t\t\t\t\t\n\t\t\t<\/div>\n\t\t\t\n\t\t\t<div id=\"wd-5e85c4fb5aff1\" class=\"woodmart-text-block-wrapper color-scheme- woodmart-title-size-custom woodmart-title-width-100 text-left \">\n\t\t\t\t<div class=\"woodmart-title-container woodmart-text-block font-primary woodmart-font-weight-\">\n\t\t\t\t\t<\/p>\n<p style=\"text-align: left; font-size: 18px; color: #1c1f2a;\"><strong>O Melhor para o Ambiente e para Si!<\/strong><\/p>\n<p style=\"text-align: left; color: #1c1f2a;\">J\u00e1 s\u00e3o cerca de 40 000 produtos e servi\u00e7os com o r\u00f3tulo ecol\u00f3gico da UE. Uma etiqueta que identifica os produtos e servi\u00e7os com uma redu\u00e7\u00e3o significativa de impacto ambiental.<\/p>\n<p style=\"text-align: left; color: #1c1f2a;\">Cerca de 65% dos consumidores j\u00e1 confiam neste r\u00f3tulo e nos produtos que a ele est\u00e3o associados ( Consumer Market Study on Environmental Claims for Non-Food Products, European Commission 2014).<\/p>\n<p>\t\t\t\t<\/div>\n\t\t\t\t\t\n\t\t\t<\/div>\n\t\t\n\t<div  class=\"wpb_single_image wpb_content_element vc_align_left wpb_animate_when_almost_visible wpb_bottom-to-top bottom-to-top\">\n\t\t\n\t\t<figure class=\"wpb_wrapper vc_figure\">\n\t\t\t<div class=\"vc_single_image-wrapper   vc_box_border_grey\"><img src=\"https:\/\/shop.wegho.com\/wp-content\/uploads\/2020\/04\/promo-banner-eco-03-03.svg\" class=\"vc_single_image-img attachment-thumbnail\" alt=\"\" loading=\"lazy\" height=\"270\" width=\"600\" \/><\/div>\n\t\t<\/figure>\n\t<\/div>\n<\/div><\/div><\/div><div class=\"wpb_column vc_column_container vc_col-sm-6\"><div class=\"vc_column-inner\"><div class=\"wpb_wrapper\">\n\t<div  class=\"wpb_single_image wpb_content_element vc_align_center\">\n\t\t\n\t\t<figure class=\"wpb_wrapper vc_figure\">\n\t\t\t<div class=\"vc_single_image-wrapper   vc_box_border_grey\"><img src=\"https:\/\/shop.wegho.com\/wp-content\/uploads\/2020\/04\/product-ecolabel-02.svg\" class=\"vc_single_image-img attachment-thumbnail\" alt=\"\" loading=\"lazy\" height=\"1179\" width=\"759\" \/><\/div>\n\t\t<\/figure>\n\t<\/div>\n<\/div><\/div><\/div><\/div><\/div><\/div><\/div><\/div>\n","protected":false},"excerpt":{"rendered":"NA HORA DE ESCOLHER SEJA AMIGO DO AMBIENTE E DO SEU LAR \u00c9 mais f\u00e1cil do que pensa fazer a","protected":false},"author":1,"featured_media":0,"parent":0,"menu_order":0,"comment_status":"closed","ping_status":"closed","template":"","meta":[],"_links":{"self":[{"href":"https:\/\/shop.wegho.com\/pt\/wp-json\/wp\/v2\/pages\/3272"}],"collection":[{"href":"https:\/\/shop.wegho.com\/pt\/wp-json\/wp\/v2\/pages"}],"about":[{"href":"https:\/\/shop.wegho.com\/pt\/wp-json\/wp\/v2\/types\/page"}],"author":[{"embeddable":true,"href":"https:\/\/shop.wegho.com\/pt\/wp-json\/wp\/v2\/users\/1"}],"replies":[{"embeddable":true,"href":"https:\/\/shop.wegho.com\/pt\/wp-json\/wp\/v2\/comments?post=3272"}],"version-history":[{"count":68,"href":"https:\/\/shop.wegho.com\/pt\/wp-json\/wp\/v2\/pages\/3272\/revisions"}],"predecessor-version":[{"id":3519,"href":"https:\/\/shop.wegho.com\/pt\/wp-json\/wp\/v2\/pages\/3272\/revisions\/3519"}],"wp:attachment":[{"href":"https:\/\/shop.wegho.com\/pt\/wp-json\/wp\/v2\/media?parent=3272"}],"curies":[{"name":"wp","href":"https:\/\/api.w.org\/{rel}","templated":true}]}}