{"id":3517,"date":"2020-04-03T10:32:21","date_gmt":"2020-04-03T10:32:21","guid":{"rendered":"https:\/\/shop.wegho.com\/?page_id=3517"},"modified":"2020-04-09T16:14:02","modified_gmt":"2020-04-09T16:14:02","slug":"politica-de-entregas","status":"publish","type":"page","link":"https:\/\/shop.wegho.com\/pt\/politica-de-entregas\/","title":{"rendered":"Pol\u00edtica de Entregas"},"content":{"rendered":"\n<ul><li><strong>Quais as \u00e1reas de entrega da Loja Wegho?<\/strong><\/li><\/ul>\n\n\n\n<p>A Loja Wegho efetua entregas em toda a \u00e1rea\nde Portugal Continental, Espanha Continental e respetivas ilhas.<\/p>\n\n\n\n<ul><li><strong>Quais s\u00e3o os prazos de entrega da Loja\nWegho?<\/strong><\/li><\/ul>\n\n\n\n<p>A Loja Wegho efetua entregas de segunda a sexta. Ap\u00f3s pagamento e submiss\u00e3o da encomenda, dever\u00e1 receber os produtos encomendados na morada escolhida no prazo m\u00e1ximo de tr\u00eas dias \u00fateis, podendo no entanto este per\u00edodo ser inferior.<\/p>\n\n\n\n<ul><li><strong>Qual \u00e9 o custo de entrega?<\/strong><\/li><\/ul>\n\n\n\n<p>O custo da entrega ir\u00e1 varia conforme o destino e o peso total da encomenda, sendo que poder\u00e1 consultar o valor final no \u00faltimo passo do checkout. <\/p>\n\n\n\n<p>N\u00e3o existem custos de entrega para encomendas iguais ou superiores a 100\u20ac.<\/p>\n\n\n\n<ul><li><strong>Como acondicionam e transportam os\nprodutos?<\/strong><\/li><\/ul>\n\n\n\n<p>As suas compras s\u00e3o devidamente\nacondicionadas em caixas de material resistentes, fechadas e identific\u00e1veis com\na refer\u00eancia da sua encomenda.<\/p>\n\n\n\n<ul><li><strong>Posso cancelar a minha encomenda? <\/strong><\/li><\/ul>\n\n\n\n<p>Pode efetuar\no cancelamento da sua encomenda solicitando-o \u00e0 Wegho atrav\u00e9s de chamada\ntelef\u00f3nica, de e-mail ou atrav\u00e9s do nosso site. Para o efeito de cancelamento dever\u00e1\nindicar os seguintes dados \u00e0 Wegho:<\/p>\n\n\n\n<ol><li>E-mail de registo ou n\u00famero de telefone;<\/li><li>Data da encomenda;<\/li><li>Detalhe do produto encomendado;<\/li><\/ol>\n\n\n\n<p>O cancelamento apenas poder\u00e1 ser realizado caso a expedi\u00e7\u00e3o n\u00e3o tenha sido executada, pelo que poder\u00e1 proceder nesse caso a uma devolu\u00e7\u00e3o.<\/p>\n\n\n<p><!--EndFragment--><\/p>","protected":false},"excerpt":{"rendered":"<p>Quais as \u00e1reas de entrega da Loja Wegho? A Loja Wegho efetua entregas em toda a \u00e1rea de Portugal Continental,<\/p>\n","protected":false},"author":1,"featured_media":0,"parent":0,"menu_order":0,"comment_status":"closed","ping_status":"closed","template":"","meta":[],"_links":{"self":[{"href":"https:\/\/shop.wegho.com\/pt\/wp-json\/wp\/v2\/pages\/3517"}],"collection":[{"href":"https:\/\/shop.wegho.com\/pt\/wp-json\/wp\/v2\/pages"}],"about":[{"href":"https:\/\/shop.wegho.com\/pt\/wp-json\/wp\/v2\/types\/page"}],"author":[{"embeddable":true,"href":"https:\/\/shop.wegho.com\/pt\/wp-json\/wp\/v2\/users\/1"}],"replies":[{"embeddable":true,"href":"https:\/\/shop.wegho.com\/pt\/wp-json\/wp\/v2\/comments?post=3517"}],"version-history":[{"count":6,"href":"https:\/\/shop.wegho.com\/pt\/wp-json\/wp\/v2\/pages\/3517\/revisions"}],"predecessor-version":[{"id":3838,"href":"https:\/\/shop.wegho.com\/pt\/wp-json\/wp\/v2\/pages\/3517\/revisions\/3838"}],"wp:attachment":[{"href":"https:\/\/shop.wegho.com\/pt\/wp-json\/wp\/v2\/media?parent=3517"}],"curies":[{"name":"wp","href":"https:\/\/api.w.org\/{rel}","templated":true}]}}