{"id":845,"date":"2017-07-13T06:58:00","date_gmt":"2017-07-13T06:58:00","guid":{"rendered":"http:\/\/dummy.xtemos.com\/woodmart\/demos\/?page_id=845"},"modified":"2020-04-08T00:00:56","modified_gmt":"2020-04-08T00:00:56","slug":"sobre-nos","status":"publish","type":"page","link":"https:\/\/shop.wegho.com\/pt\/sobre-nos\/","title":{"rendered":"Sobre N\u00f3s"},"content":{"rendered":"<div data-vc-full-width=\"true\" data-vc-full-width-init=\"false\" class=\"vc_row wpb_row vc_row-fluid opacity-video-bg vc_custom_1585670422658 vc_row-has-fill\"><div class=\"wpb_column text-center vc_column_container vc_col-sm-12\"><div class=\"vc_column-inner vc_custom_1499517305703\"><div class=\"wpb_wrapper\"><div class=\"vc_empty_space\"   style=\"height: 120px\"><span class=\"vc_empty_space_inner\"><\/span><\/div>\n\t\t<div id=\"wd-5e871777e8be3\" class=\"title-wrapper  woodmart-title-color-default woodmart-title-style-default woodmart-title-width-40 text-center woodmart-title-size-large \">\n\t\t\t\n\t\t\t<div class=\"liner-continer\">\n\t\t\t\t<span class=\"left-line\"><\/span>\n\t\t\t\t<h1 class=\"woodmart-title-container title  woodmart-font-weight-700\" >N\u00d3S SOMOS A WEGHO!<\/h1>\t\t\t\t\t\t\t\t<span class=\"right-line\"><\/span>\n\t\t\t<\/div>\n\t\t\t\n\t\t\t\t\t\t\t<div class=\"title-after_title\">O nosso objetivo \u00e9 simplificar o seu dia-a-dia. Acima de tudo, queremos ser seus parceiros. A solu\u00e7\u00e3o imediata e evidente para o que precisa.<\/div>\n\t\t\t\n\t\t\t\t\t<\/div>\n\t\t\n\t\t<\/div><\/div><\/div><\/div><div class=\"vc_row-full-width vc_clearfix\"><\/div><div data-vc-full-width=\"true\" data-vc-full-width-init=\"false\" data-vc-stretch-content=\"true\" class=\"vc_row wpb_row vc_row-fluid vc_custom_1585671032881 vc_row-has-fill\"><div class=\"wpb_column vc_column_container vc_col-sm-12 vc_col-lg-offset-2 vc_col-lg-8 vc_col-md-offset-2 vc_col-md-8 vc_col-sm-offset-0\"><div class=\"vc_column-inner vc_custom_1499599304156\"><div class=\"wpb_wrapper\"><div class=\"vc_empty_space\"   style=\"height: 48px\"><span class=\"vc_empty_space_inner\"><\/span><\/div>\n\t\t<div id=\"wd-5e84e349317ce\" class=\"title-wrapper  woodmart-title-color-default woodmart-title-style-default woodmart-title-width-100 text-left woodmart-title-size-extra-large vc_custom_1585767254737\">\n\t\t\t\n\t\t\t<div class=\"liner-continer\">\n\t\t\t\t<span class=\"left-line\"><\/span>\n\t\t\t\t<h4 class=\"woodmart-title-container title  woodmart-font-weight-\" >O Porqu\u00ea da Nossa Loja<\/h4>\t\t\t\t\t\t\t\t<span class=\"right-line\"><\/span>\n\t\t\t<\/div>\n\t\t\t\n\t\t\t\n\t\t\t\t\t<\/div>\n\t\t\n\t\t<div class=\"vc_empty_space\"   style=\"height: 32px\"><span class=\"vc_empty_space_inner\"><\/span><\/div><div class=\"vc_row wpb_row vc_inner vc_row-fluid\"><div class=\"wpb_column vc_column_container vc_col-sm-6\"><div class=\"vc_column-inner vc_custom_1494857398526\"><div class=\"wpb_wrapper\">\n\t<div class=\"wpb_text_column wpb_content_element vc_custom_1586304052588\" >\n\t\t<div class=\"wpb_wrapper\">\n\t\t\t<p><span style=\"color: #ffffff;\">Na Wegho sempre quisemos ser um parceiro pr\u00f3ximo dos nossos clientes. Na verdade, foi ao acreditar nesta premissa que conseguimos cultivar a rela\u00e7\u00e3o que hoje temos e que ainda perdura.<\/span><\/p>\n<p><span style=\"color: #ffffff;\">Se a empresa surgiu com grande pujan\u00e7a no ramo das limpezas dom\u00e9sticas, rapidamente percebemos as v\u00e1rias val\u00eancias e o potencial do neg\u00f3cio devido \u00e0 forte componente digital que sustentava os nossos servi\u00e7os e garantia de um crescimento sustent\u00e1vel.<\/span><\/p>\n<p><span style=\"color: #ffffff;\">Aliada \u00e0 paix\u00e3o de toda equipa e ao sentido de responsabilidade das nossas profissionais, estava efetuada a confe\u00e7\u00e3o dos ingredientes essenciais para o sucesso noutros ramos semelhantes, mas n\u00e3o menos desafiantes.<\/span><\/p>\n<p><span style=\"color: #ffffff;\">De facto, o dinamismo digital despertou o interesse do cliente empresarial que encontrou na nossa oferta algo inexistente \u00e0 data no mercado.<\/span><\/p>\n<p><span style=\"color: #ffffff;\">O acompanhamento de v\u00e1rios clientes, empresariais e dom\u00e9sticos, com diferentes prefer\u00eancias e com exig\u00eancias distintas permitiu que, com a experi\u00eancia adquirida, identific\u00e1ssemos quais os melhores produtos no mercado.<\/span><\/p>\n\n\t\t<\/div>\n\t<\/div>\n<\/div><\/div><\/div><div class=\"wpb_column vc_column_container vc_col-sm-6\"><div class=\"vc_column-inner vc_custom_1494857394949\"><div class=\"wpb_wrapper\">\n\t<div class=\"wpb_text_column wpb_content_element vc_custom_1585817447380\" >\n\t\t<div class=\"wpb_wrapper\">\n\t\t\t<p><span style=\"color: #ffffff;\">Frequentemente depar\u00e1vamo-nos com quest\u00f5es pertinentes dos nossos clientes:<\/span><\/p>\n<p><span style=\"color: #ffffff;\">&#8211; Qual o melhor desinfetante de superf\u00edcies?<\/span><\/p>\n<p><span style=\"color: #ffffff;\">&#8211; Como tiro esta n\u00f3doa de caf\u00e9?<\/span><\/p>\n<p><span style=\"color: #ffffff;\">&#8211; Para que servem os produtos multiusos?<\/span><\/p>\n<p><span style=\"color: #ffffff;\">&#8211; Como deixo a casa a cheirar a \u201cWegho\u201d?<\/span><\/p>\n<p><span style=\"color: #ffffff;\">Este constante interesse nos produtos que utilizamos e no modo como operamos, despertou e antecipou o que h\u00e1 muito t\u00ednhamos imaginado. Efetivamente, tornou-se evidente a necessidade de colocar \u00e0 disposi\u00e7\u00e3o dos nossos clientes o ativo f\u00edsico que sempre nos acompanha e que deixa a sua casa perfumada e a brilhar, os nossos produtos.<\/span><\/p>\n<p class=\"text-larger\"><span style=\"color: #ffffff;\">Assim, surgiu a Loja Wegho, onde pode comprar os produtos que recomendamos a um pre\u00e7o competitivo e justo. Estamos certos que na sua primeira utiliza\u00e7\u00e3o, al\u00e9m da abertura do recipiente, sentir\u00e1 tamb\u00e9m o nosso cuidado e carinho pelo que fazemos que, no fundo, \u00e9 o que reflete a marca Wegho.<\/span><\/p>\n\n\t\t<\/div>\n\t<\/div>\n<\/div><\/div><\/div><\/div><div class=\"vc_empty_space\"   style=\"height: 32px\"><span class=\"vc_empty_space_inner\"><\/span><\/div><\/div><\/div><\/div><\/div><div class=\"vc_row-full-width vc_clearfix\"><\/div><section data-vc-full-width=\"true\" data-vc-full-width-init=\"false\" class=\"vc_section vc_custom_1585845359088 vc_section-has-fill\"><div class=\"vc_row wpb_row vc_row-fluid\"><div class=\"wpb_column vc_column_container vc_col-sm-12 vc_col-lg-12 vc_col-has-fill\"><div class=\"vc_column-inner vc_custom_1585840221536\"><div class=\"wpb_wrapper\">\n\t\t<div id=\"wd-5e836ee86465e\" class=\"title-wrapper  woodmart-title-color-default woodmart-title-style-default woodmart-title-width-100 text-left woodmart-title-size-large \">\n\t\t\t\t\t\t\t<div class=\"title-subtitle  font-default subtitle-style-default woodmart-font-weight-\">Como Trabalhamos?<\/div>\n\t\t\t\n\t\t\t<div class=\"liner-continer\">\n\t\t\t\t<span class=\"left-line\"><\/span>\n\t\t\t\t<h4 class=\"woodmart-title-container title  woodmart-font-weight-\" >\u00c9 simples!<\/h4>\t\t\t\t\t\t\t\t<span class=\"right-line\"><\/span>\n\t\t\t<\/div>\n\t\t\t\n\t\t\t\n\t\t\t\t\t<\/div>\n\t\t\n\t\t<div class=\"vc_empty_space\"   style=\"height: 32px\"><span class=\"vc_empty_space_inner\"><\/span><\/div><div class=\"vc_row wpb_row vc_inner vc_row-fluid\"><div class=\"wpb_column vc_column_container vc_col-sm-4\"><div class=\"vc_column-inner\"><div class=\"wpb_wrapper\">\n\t<div  class=\"wpb_single_image wpb_content_element vc_align_center\">\n\t\t\n\t\t<figure class=\"wpb_wrapper vc_figure\">\n\t\t\t<div class=\"vc_single_image-wrapper   vc_box_border_grey\"><img class=\"vc_single_image-img \" src=\"https:\/\/shop.wegho.com\/wp-content\/uploads\/2020\/04\/escolha-os-produtos.svg\" width=\"\" height=\"\" alt=\"escolha-os-produtos\" title=\"escolha-os-produtos\" \/><\/div>\n\t\t<\/figure>\n\t<\/div>\n\n\t<div class=\"wpb_text_column wpb_content_element\" >\n\t\t<div class=\"wpb_wrapper\">\n\t\t\t<p style=\"text-align: center;\">Escolha os produtos.<\/p>\n\n\t\t<\/div>\n\t<\/div>\n<\/div><\/div><\/div><div class=\"wpb_column vc_column_container vc_col-sm-4\"><div class=\"vc_column-inner\"><div class=\"wpb_wrapper\">\n\t<div  class=\"wpb_single_image wpb_content_element vc_align_center\">\n\t\t\n\t\t<figure class=\"wpb_wrapper vc_figure\">\n\t\t\t<div class=\"vc_single_image-wrapper   vc_box_border_grey\"><img class=\"vc_single_image-img \" src=\"https:\/\/shop.wegho.com\/wp-content\/uploads\/2020\/03\/Group-32.svg\" width=\"\" height=\"\" alt=\"Group 32\" title=\"Group 32\" \/><\/div>\n\t\t<\/figure>\n\t<\/div>\n\n\t<div class=\"wpb_text_column wpb_content_element\" >\n\t\t<div class=\"wpb_wrapper\">\n\t\t\t<p style=\"text-align: center;\">Encomenda recebida<br \/>\npela nossa plataforma.<\/p>\n\n\t\t<\/div>\n\t<\/div>\n<\/div><\/div><\/div><div class=\"wpb_column vc_column_container vc_col-sm-4\"><div class=\"vc_column-inner\"><div class=\"wpb_wrapper\">\n\t<div  class=\"wpb_single_image wpb_content_element vc_align_center\">\n\t\t\n\t\t<figure class=\"wpb_wrapper vc_figure\">\n\t\t\t<div class=\"vc_single_image-wrapper   vc_box_border_grey\"><img class=\"vc_single_image-img \" src=\"https:\/\/shop.wegho.com\/wp-content\/uploads\/2020\/03\/Group-33.svg\" width=\"\" height=\"\" alt=\"Group 33\" title=\"Group 33\" \/><\/div>\n\t\t<\/figure>\n\t<\/div>\n\n\t<div class=\"wpb_text_column wpb_content_element\" >\n\t\t<div class=\"wpb_wrapper\">\n\t\t\t<p style=\"text-align: center;\">Entrega em movimento.<\/p>\n\n\t\t<\/div>\n\t<\/div>\n<\/div><\/div><\/div><\/div><div class=\"vc_row wpb_row vc_inner vc_row-fluid\"><div class=\"wpb_column vc_column_container vc_col-sm-4\"><div class=\"vc_column-inner\"><div class=\"wpb_wrapper\">\n\t<div  class=\"wpb_single_image wpb_content_element vc_align_center\">\n\t\t\n\t\t<figure class=\"wpb_wrapper vc_figure\">\n\t\t\t<div class=\"vc_single_image-wrapper   vc_box_border_grey\"><img class=\"vc_single_image-img \" src=\"https:\/\/shop.wegho.com\/wp-content\/uploads\/2020\/03\/Group-36.svg\" width=\"\" height=\"\" alt=\"Group 36\" title=\"Group 36\" \/><\/div>\n\t\t<\/figure>\n\t<\/div>\n\n\t<div class=\"wpb_text_column wpb_content_element\" >\n\t\t<div class=\"wpb_wrapper\">\n\t\t\t<p style=\"text-align: center;\">Entrega efetuada.<\/p>\n\n\t\t<\/div>\n\t<\/div>\n<\/div><\/div><\/div><div class=\"wpb_column vc_column_container vc_col-sm-4\"><div class=\"vc_column-inner\"><div class=\"wpb_wrapper\">\n\t<div  class=\"wpb_single_image wpb_content_element vc_align_center\">\n\t\t\n\t\t<figure class=\"wpb_wrapper vc_figure\">\n\t\t\t<div class=\"vc_single_image-wrapper   vc_box_border_grey\"><img class=\"vc_single_image-img \" src=\"https:\/\/shop.wegho.com\/wp-content\/uploads\/2020\/03\/Group-35.svg\" width=\"\" height=\"\" alt=\"Group 35\" title=\"Group 35\" \/><\/div>\n\t\t<\/figure>\n\t<\/div>\n\n\t<div class=\"wpb_text_column wpb_content_element\" >\n\t\t<div class=\"wpb_wrapper\">\n\t\t\t<p style=\"text-align: center;\">O cliente avalia o produto.<\/p>\n\n\t\t<\/div>\n\t<\/div>\n<\/div><\/div><\/div><div class=\"wpb_column vc_column_container vc_col-sm-4\"><div class=\"vc_column-inner\"><div class=\"wpb_wrapper\">\n\t<div  class=\"wpb_single_image wpb_content_element vc_align_center\">\n\t\t\n\t\t<figure class=\"wpb_wrapper vc_figure\">\n\t\t\t<div class=\"vc_single_image-wrapper   vc_box_border_grey\"><img class=\"vc_single_image-img \" src=\"https:\/\/shop.wegho.com\/wp-content\/uploads\/2020\/03\/Group-34.svg\" width=\"\" height=\"\" alt=\"Group 34\" title=\"Group 34\" \/><\/div>\n\t\t<\/figure>\n\t<\/div>\n\n\t<div class=\"wpb_text_column wpb_content_element\" >\n\t\t<div class=\"wpb_wrapper\">\n\t\t\t<p style=\"text-align: center;\">An\u00e1lise da avalia\u00e7\u00e3o<br \/>\npara melhoria da qualidade do produto.<\/p>\n\n\t\t<\/div>\n\t<\/div>\n<\/div><\/div><\/div><\/div><\/div><\/div><\/div><\/div><div class=\"vc_row wpb_row vc_row-fluid\"><div class=\"wpb_column vc_column_container vc_col-sm-12\"><div class=\"vc_column-inner\"><div class=\"wpb_wrapper\"><div class=\"vc_empty_space\"   style=\"height: 32px\"><span class=\"vc_empty_space_inner\"><\/span><\/div><div class=\"vc_separator wpb_content_element vc_separator_align_center vc_sep_width_100 vc_sep_pos_align_center vc_separator_no_text\" ><span class=\"vc_sep_holder vc_sep_holder_l\"><span  style=\"border-color:#71b2c9;\" class=\"vc_sep_line\"><\/span><\/span><span class=\"vc_sep_holder vc_sep_holder_r\"><span  style=\"border-color:#71b2c9;\" class=\"vc_sep_line\"><\/span><\/span>\n<\/div><\/div><\/div><\/div><\/div><\/section><div class=\"vc_row-full-width vc_clearfix\"><\/div><div data-vc-full-width=\"true\" data-vc-full-width-init=\"false\" data-vc-stretch-content=\"true\" class=\"vc_row wpb_row vc_row-fluid vc_custom_1585839965198 woodmart-disable-overflow\"><div class=\"wpb_column vc_column_container vc_col-sm-6\"><div class=\"vc_column-inner vc_custom_1585673718162\"><div class=\"wpb_wrapper\">\t\t<div class=\"promo-banner-wrapper\">\n\t\t\t<div id=\"wd-5e8383502279d\" class=\"promo-banner banner-vr-align-bottom banner-hr-align-center banner- banner-hover-parallax color-scheme-light banner-btn-size-default banner-btn-style-default  with-btn banner-btn-position-hover\"  >\n\n\t\t\t\t<div class=\"main-wrapp-img\">\n\t\t\t\t\t<div class=\"banner-image\">\n\t\t\t\t\t\t\t\t\t\t\t\t\t\t\t\t\t\t\t\t\t<img class=\"promo-banner-image image-1 \" src=\"https:\/\/shop.wegho.com\/wp-content\/uploads\/2020\/03\/p-1.svg\" width=\"\" height=\"\" alt=\"p-1\" title=\"p-1\" \/>\t\t\t\t\t\t\t\t\t\t\t\t\t\t\t\t\t\t<\/div>\n\t\t\t\t<\/div>\n\n\t\t\t\t<div class=\"wrapper-content-banner \">\n\t\t\t\t\t<div class=\"content-banner text-center content-width-60\">\n\t\t\t\t\t\t\t<div class=\"banner-title-wrap banner-title-default\"><\/div>\n\t\t\t\t\t\t\t\t\t\t\t\t<div class=\"banner-btn-wrapper\"><div id=\"wd-69de272fc159f\" class=\"woodmart-button-wrapper text-center\"><a  class=\"btn btn-color-primary btn-style-default btn-shape-semi-round btn-size-default\">SABER MAIS<\/a><\/div><\/div>\t\t\t\t\t<\/div>\n\t\t\t\t<\/div>\n\t\t\t\t\t\t\t<\/div>\n\t\t<\/div>\n\t\t\n\t\t<\/div><\/div><\/div><div class=\"wpb_column vc_column_container vc_col-sm-6\"><div class=\"vc_column-inner\"><div class=\"wpb_wrapper\">\t\t<div class=\"promo-banner-wrapper\">\n\t\t\t<div id=\"wd-5e838367011bd\" class=\"promo-banner banner-vr-align-bottom banner-hr-align-center banner- banner-hover-parallax color-scheme-light banner-btn-size-default banner-btn-style-default  with-btn banner-btn-position-hover\"  >\n\n\t\t\t\t<div class=\"main-wrapp-img\">\n\t\t\t\t\t<div class=\"banner-image\">\n\t\t\t\t\t\t\t\t\t\t\t\t\t\t\t\t\t\t\t\t\t<img class=\"promo-banner-image image-1 \" src=\"https:\/\/shop.wegho.com\/wp-content\/uploads\/2020\/03\/P-2.svg\" width=\"\" height=\"\" alt=\"P-2\" title=\"P-2\" \/>\t\t\t\t\t\t\t\t\t\t\t\t\t\t\t\t\t\t<\/div>\n\t\t\t\t<\/div>\n\n\t\t\t\t<div class=\"wrapper-content-banner \">\n\t\t\t\t\t<div class=\"content-banner text-center content-width-60\">\n\t\t\t\t\t\t\t<div class=\"banner-title-wrap banner-title-default\"><\/div>\n\t\t\t\t\t\t\t\t\t\t\t\t<div class=\"banner-btn-wrapper\"><div id=\"wd-69de272fc233e\" class=\"woodmart-button-wrapper text-center\"><a  class=\"btn btn-color-alt btn-style-default btn-shape-semi-round btn-size-default\">SABER MAIS<\/a><\/div><\/div>\t\t\t\t\t<\/div>\n\t\t\t\t<\/div>\n\t\t\t\t\t\t\t<\/div>\n\t\t<\/div>\n\t\t\n\t\t<\/div><\/div><\/div><\/div><div class=\"vc_row-full-width vc_clearfix\"><\/div>\n","protected":false},"excerpt":{"rendered":"N\u00d3S SOMOS A WEGHO! O nosso objetivo \u00e9 simplificar o seu dia-a-dia. Acima de tudo, queremos ser seus parceiros. A","protected":false},"author":1,"featured_media":0,"parent":0,"menu_order":0,"comment_status":"closed","ping_status":"closed","template":"","meta":[],"_links":{"self":[{"href":"https:\/\/shop.wegho.com\/pt\/wp-json\/wp\/v2\/pages\/845"}],"collection":[{"href":"https:\/\/shop.wegho.com\/pt\/wp-json\/wp\/v2\/pages"}],"about":[{"href":"https:\/\/shop.wegho.com\/pt\/wp-json\/wp\/v2\/types\/page"}],"author":[{"embeddable":true,"href":"https:\/\/shop.wegho.com\/pt\/wp-json\/wp\/v2\/users\/1"}],"replies":[{"embeddable":true,"href":"https:\/\/shop.wegho.com\/pt\/wp-json\/wp\/v2\/comments?post=845"}],"version-history":[{"count":111,"href":"https:\/\/shop.wegho.com\/pt\/wp-json\/wp\/v2\/pages\/845\/revisions"}],"predecessor-version":[{"id":3767,"href":"https:\/\/shop.wegho.com\/pt\/wp-json\/wp\/v2\/pages\/845\/revisions\/3767"}],"wp:attachment":[{"href":"https:\/\/shop.wegho.com\/pt\/wp-json\/wp\/v2\/media?parent=845"}],"curies":[{"name":"wp","href":"https:\/\/api.w.org\/{rel}","templated":true}]}}