{"id":2961,"date":"2020-03-26T15:31:47","date_gmt":"2020-03-26T15:31:47","guid":{"rendered":"https:\/\/wp.wegho.com\/?post_type=product&#038;p=2961"},"modified":"2025-10-10T08:56:39","modified_gmt":"2025-10-10T08:56:39","slug":"multisuperficies-diversey-suma-multipurpose-cleaner","status":"publish","type":"product","link":"https:\/\/shop.wegho.com\/pt\/produto\/multiusos\/multisuperficies-diversey-suma-multipurpose-cleaner\/","title":{"rendered":"Concentrado Multisuperf\u00edcies Diversey Suma Multipurpose Cleaner D2.3 1.4L"},"content":{"rendered":"<p><img loading=\"lazy\" class=\"alignnone size-full wp-image-3851\" src=\"https:\/\/shop.wegho.com\/wp-content\/uploads\/2020\/03\/banner-header-cozinha-1.png\" alt=\"\" width=\"710\" height=\"168\" srcset=\"https:\/\/shop.wegho.com\/wp-content\/uploads\/2020\/03\/banner-header-cozinha-1.png 710w, https:\/\/shop.wegho.com\/wp-content\/uploads\/2020\/03\/banner-header-cozinha-1-300x71.png 300w, https:\/\/shop.wegho.com\/wp-content\/uploads\/2020\/03\/banner-header-cozinha-1-600x142.png 600w\" sizes=\"(max-width: 710px) 100vw, 710px\" \/><\/p>\n<p>O Multisuperf\u00edcies Suma Multipurpose Cleaner da Diversey \u00e9 um detergente multiusos de elevada concentra\u00e7\u00e3o, perfeito para limpeza de superf\u00edcies duras, incluindo pavimentos, paredes, portas, tetos, equipamento em geral e ainda limpeza de vidros e janelas.<\/p>\n<p><strong>Vantagens<\/strong><\/p>\n<ul>\n<li>Extremamente econ\u00f3mico, atrav\u00e9s do doseamento perfeito do sistema SmartDose:\n<ul>\n<li><strong>1 unidade = 350 sprays = 90 baldes.<\/strong><\/li>\n<\/ul>\n<p><a href=\"https:\/\/shop.wegho.com\/wp-content\/uploads\/2020\/03\/Ativo-3.svg\"><img loading=\"lazy\" class=\"alignnone size-full wp-image-3911\" role=\"img\" src=\"https:\/\/shop.wegho.com\/wp-content\/uploads\/2020\/03\/Ativo-3.svg\" alt=\"\" width=\"303\" height=\"79\" \/><\/a><\/li>\n<li>Remove gordura e alimentos ressequidos;<\/li>\n<li>N\u00e3o deixa marcas, enxaguamento f\u00e1cil para superf\u00edcies brilhantes;<\/li>\n<li>Eficaz em \u00e1guas de todas as durezas;<\/li>\n<li>Substitui quatro produtos diferentes;<\/li>\n<\/ul>\n<p><strong><img loading=\"lazy\" class=\"alignnone size-full wp-image-4493\" src=\"https:\/\/shop.wegho.com\/wp-content\/uploads\/2020\/04\/Final-BANNER-tabela-de-produtos.png\" alt=\"\" width=\"1232\" height=\"854\" srcset=\"https:\/\/shop.wegho.com\/wp-content\/uploads\/2020\/04\/Final-BANNER-tabela-de-produtos.png 1232w, https:\/\/shop.wegho.com\/wp-content\/uploads\/2020\/04\/Final-BANNER-tabela-de-produtos-300x208.png 300w, https:\/\/shop.wegho.com\/wp-content\/uploads\/2020\/04\/Final-BANNER-tabela-de-produtos-1024x710.png 1024w, https:\/\/shop.wegho.com\/wp-content\/uploads\/2020\/04\/Final-BANNER-tabela-de-produtos-768x532.png 768w, https:\/\/shop.wegho.com\/wp-content\/uploads\/2020\/04\/Final-BANNER-tabela-de-produtos-600x416.png 600w\" sizes=\"(max-width: 1232px) 100vw, 1232px\" \/>Modo de Emprego:<\/strong><\/p>\n<p><a href=\"https:\/\/shop.wegho.com\/pt\/smartdose\"><img loading=\"lazy\" class=\"wp-image-3688 alignleft\" role=\"img\" src=\"https:\/\/shop.wegho.com\/wp-content\/uploads\/2020\/03\/smartdose-product-page.svg\" alt=\"\" width=\"486\" height=\"219\" \/><\/a><\/p>\n<p>&nbsp;<\/p>\n<p>&nbsp;<\/p>\n<p>&nbsp;<\/p>\n<p>&nbsp;<\/p>\n<p>&nbsp;<\/p>\n<p>&nbsp;<\/p>\n<p><iframe src=\"https:\/\/www.youtube.com\/embed\/qJiQC9ywUqw\" width=\"560\" height=\"315\" frameborder=\"0\" allowfullscreen=\"allowfullscreen\"><\/iframe><\/p>\n<p>DESCARREGAR \ud83d\udc47\ud83c\udffb<br \/>\n<a href=\"https:\/\/shop.wegho.com\/wp-content\/uploads\/2020\/03\/1356-PIS-Suma-Multipurpose-D2.3-SmartDose.pdf\" target=\"blank\" rel=\"noopener noreferrer\"><br \/>\n<button style=\"box-sizing: border-box; height: 40px; width: auto; padding: 11px; border: 1px solid #289abd; border-radius: 3px; background: none; color: #289abd; font-family: Montserrat; font-size: 14px; font-weight: 600; text-transform: uppercase;\">Ficha T\u00e9cnica<br \/>\n<\/button><\/a><br \/>\n<a href=\"https:\/\/shop.wegho.com\/wp-content\/uploads\/2020\/03\/FS7517319.pdf\" target=\"blank\" rel=\"noopener noreferrer\"><br \/>\n<button style=\"box-sizing: border-box; height: 40px; width: auto; padding: 11px; border: 1px solid #289abd; border-radius: 3px; background: none; color: #289abd; font-family: Montserrat; font-size: 14px; font-weight: 600; text-transform: uppercase;\">Ficha de Seguran\u00e7a<br \/>\n<\/button><\/a><\/p>\n","protected":false},"excerpt":{"rendered":"<p>O Multisuperf\u00edcies Suma Multipurpose Cleaner da Diversey \u00e9 um detergente multiusos de elevada concentra\u00e7\u00e3o, perfeito para limpeza de superf\u00edcies duras,<\/p>\n","protected":false},"featured_media":3849,"template":"","meta":[],"product_cat":[90,65],"product_tag":[66,87],"supplier_id":null,"supplier_sku":"","atum_controlled":true,"out_stock_date":null,"out_stock_threshold":null,"inheritable":false,"inbound_stock":0,"stock_on_hold":0,"sold_today":0,"sales_last_days":0,"reserved_stock":0,"customer_returns":0,"warehouse_damage":0,"lost_in_post":0,"other_logs":0,"out_stock_days":0,"lost_sales":0,"has_location":false,"update_date":"2026-04-21T11:00:55","atum_locations":[],"atum_stock_status":"instock","low_stock":false,"low_stock_amount":"","sales_update_date":"2026-04-21T11:00:55","_links":{"self":[{"href":"https:\/\/shop.wegho.com\/pt\/wp-json\/wp\/v2\/product\/2961"}],"collection":[{"href":"https:\/\/shop.wegho.com\/pt\/wp-json\/wp\/v2\/product"}],"about":[{"href":"https:\/\/shop.wegho.com\/pt\/wp-json\/wp\/v2\/types\/product"}],"wp:featuredmedia":[{"embeddable":true,"href":"https:\/\/shop.wegho.com\/pt\/wp-json\/wp\/v2\/media\/3849"}],"wp:attachment":[{"href":"https:\/\/shop.wegho.com\/pt\/wp-json\/wp\/v2\/media?parent=2961"}],"wp:term":[{"taxonomy":"product_cat","embeddable":true,"href":"https:\/\/shop.wegho.com\/pt\/wp-json\/wp\/v2\/product_cat?post=2961"},{"taxonomy":"product_tag","embeddable":true,"href":"https:\/\/shop.wegho.com\/pt\/wp-json\/wp\/v2\/product_tag?post=2961"}],"curies":[{"name":"wp","href":"https:\/\/api.w.org\/{rel}","templated":true}]}}