{"id":3032,"date":"2020-03-29T15:28:16","date_gmt":"2020-03-29T15:28:16","guid":{"rendered":"https:\/\/wp.wegho.com\/product\/sem%20categoria\/import-placeholder-for-2962\/"},"modified":"2021-05-10T17:31:05","modified_gmt":"2021-05-10T17:31:05","slug":"alcool-gel-desinfectante","status":"publish","type":"product","link":"https:\/\/shop.wegho.com\/pt\/produto\/alcool-gel\/alcool-gel-desinfectante\/","title":{"rendered":"\u00c1lcool Gel Desinfectante 300 ml"},"content":{"rendered":"<p>Gel desinfetante\/descontaminante que se utiliza sem \u00e1gua para a r\u00e1pida e eficaz desinfe\u00e7\u00e3o das m\u00e3os, deixando as m\u00e3os frescas e macias. Linha profissional, recomendado para cl\u00ednicas, centros m\u00e9dicos, hospitais (bloco operat\u00f3rio), centros de sa\u00fade, laborat\u00f3rios de an\u00e1lise, maternidades, padarias, talhos, ind\u00fastria de catering e alimentar em geral. Recomenda-se fortemente a utiliza\u00e7\u00e3o do produto em todos os casos em que as m\u00e3os possam ser agentes transmissores de doen\u00e7as patog\u00e9nicas, quando n\u00e3o h\u00e1 possibilidade de lavagem com sab\u00e3o e \u00e1gua.<\/p>\n<p>&nbsp;<\/p>\n<p><strong>Modo de Emprego:<\/strong><\/p>\n<p>Aplicar o gel puro (1 a 3ml), diretamente nas m\u00e3os e esfregar repartindo uniformemente durante 30 segundos, deixar secar. N\u00e3o passar por \u00e1gua.<\/p>\n<p>&nbsp;<\/p>\n<p>DESCARREGAR \ud83d\udc47\ud83c\udffb<\/p>\n<p><a href=\"https:\/\/shop.wegho.com\/wp-content\/uploads\/2020\/07\/ft_soft-alcool-gel.pdf\" target=\"blank\" rel=\"noopener noreferrer\"><br \/>\n<button style=\"height: 40px; width: auto; padding: 11px; border: 1px solid #289abd; border-radius: 3px; background: none; color: #289abd; font-family: Montserrat; font-size: 14px; font-weight: 600; text-transform: uppercase;\">Ficha T\u00e9cnica<br \/>\n<\/button><\/a><\/p>\n<p><a href=\"https:\/\/shop.wegho.com\/wp-content\/uploads\/2020\/07\/fs_soft_alcool-gel.pdf\" target=\"blank\" rel=\"noopener noreferrer\"><br \/>\n<button style=\"height: 40px; width: auto; padding: 11px; border: 1px solid #289abd; border-radius: 3px; background: none; color: #289abd; font-family: Montserrat; font-size: 14px; font-weight: 600; text-transform: uppercase;\">Ficha de Seguran\u00e7a<\/button><\/a><\/p>\n","protected":false},"excerpt":{"rendered":"<p>Gel desinfetante\/descontaminante que se utiliza sem \u00e1gua para a r\u00e1pida e eficaz desinfe\u00e7\u00e3o das m\u00e3os, deixando as m\u00e3os frescas e<\/p>\n","protected":false},"featured_media":3046,"template":"","meta":[],"product_cat":[79,86,80],"product_tag":[81],"supplier_id":null,"supplier_sku":"","atum_controlled":true,"out_stock_date":null,"out_stock_threshold":null,"inheritable":false,"inbound_stock":0,"stock_on_hold":0,"sold_today":0,"sales_last_days":0,"reserved_stock":0,"customer_returns":0,"warehouse_damage":0,"lost_in_post":0,"other_logs":0,"out_stock_days":0,"lost_sales":0,"has_location":false,"update_date":"2026-05-02T11:06:40","atum_locations":[],"atum_stock_status":"instock","low_stock":false,"low_stock_amount":"","sales_update_date":"2026-05-02T11:06:40","_links":{"self":[{"href":"https:\/\/shop.wegho.com\/pt\/wp-json\/wp\/v2\/product\/3032"}],"collection":[{"href":"https:\/\/shop.wegho.com\/pt\/wp-json\/wp\/v2\/product"}],"about":[{"href":"https:\/\/shop.wegho.com\/pt\/wp-json\/wp\/v2\/types\/product"}],"wp:featuredmedia":[{"embeddable":true,"href":"https:\/\/shop.wegho.com\/pt\/wp-json\/wp\/v2\/media\/3046"}],"wp:attachment":[{"href":"https:\/\/shop.wegho.com\/pt\/wp-json\/wp\/v2\/media?parent=3032"}],"wp:term":[{"taxonomy":"product_cat","embeddable":true,"href":"https:\/\/shop.wegho.com\/pt\/wp-json\/wp\/v2\/product_cat?post=3032"},{"taxonomy":"product_tag","embeddable":true,"href":"https:\/\/shop.wegho.com\/pt\/wp-json\/wp\/v2\/product_tag?post=3032"}],"curies":[{"name":"wp","href":"https:\/\/api.w.org\/{rel}","templated":true}]}}