{"id":3036,"date":"2020-03-29T15:28:18","date_gmt":"2020-03-29T15:28:18","guid":{"rendered":"https:\/\/wp.wegho.com\/product\/sem%20categoria\/import-placeholder-for-2968\/"},"modified":"2023-07-05T13:15:03","modified_gmt":"2023-07-05T13:15:03","slug":"concentrado-multisuperficies-diversey-sprint-200","status":"publish","type":"product","link":"https:\/\/shop.wegho.com\/pt\/produto\/limpeza-da-casa\/concentrado-multisuperficies-diversey-sprint-200\/","title":{"rendered":"Concentrado Multisuperf\u00edcies Diversey Sprint 200 PUR-ECO Smart Dose 1,4L"},"content":{"rendered":"<p><img loading=\"lazy\" class=\"alignnone wp-image-3846 size-full\" src=\"https:\/\/shop.wegho.com\/wp-content\/uploads\/2020\/03\/banner-header-multiusos-eco.png\" alt=\"\" width=\"710\" height=\"168\" srcset=\"https:\/\/shop.wegho.com\/wp-content\/uploads\/2020\/03\/banner-header-multiusos-eco.png 710w, https:\/\/shop.wegho.com\/wp-content\/uploads\/2020\/03\/banner-header-multiusos-eco-300x71.png 300w, https:\/\/shop.wegho.com\/wp-content\/uploads\/2020\/03\/banner-header-multiusos-eco-600x142.png 600w\" sizes=\"(max-width: 710px) 100vw, 710px\" \/><\/p>\n<ul>\n<li>Detergente multiusos, \u00e0 base de \u00e1lcool, para limpeza di\u00e1ria sem deixar marcas em vidros e todas as superf\u00edcies duras resistentes \u00e0 \u00e1gua. Gra\u00e7as \u00e0 sua embalagem inteligente, o conceito SmartDose permite dosear de maneira f\u00e1cil, segura e precisa produtos de limpeza concentrados.<\/li>\n<li>Sprint 200 Pur-Eco SD \u00e9 formulado com agentes tensoactivos derivado de fontes vegetais naturais para minimizar o impacto sobre o ambiente e assegurar uma utiliza\u00e7\u00e3o mais segura.<\/li>\n<li>Sprint 200 Pur-Eco SD cumpre os crit\u00e9rios EU &#8220;Flower&#8221; e as directrizes Escandin\u00e1vas &#8220;NordicSwan&#8221; eco-label.<\/li>\n<\/ul>\n<p>&nbsp;<\/p>\n<p><strong>Vantagens<\/strong><\/p>\n<ul>\n<li>Extremamente econ\u00f3mico, atrav\u00e9s do doseamento perfeito do sistema SmartDose:\n<ul>\n<li><strong>1 unidade = 280 sprays = 100 baldes<\/strong><\/li>\n<\/ul>\n<p><a href=\"https:\/\/shop.wegho.com\/wp-content\/uploads\/2020\/03\/Ativo-2.svg\"><img loading=\"lazy\" class=\"alignnone size-full wp-image-3910\" role=\"img\" src=\"https:\/\/shop.wegho.com\/wp-content\/uploads\/2020\/03\/Ativo-2.svg\" alt=\"\" width=\"303\" height=\"79\" \/><\/a><\/li>\n<li>Produto da gama\u00a0<strong>Ecolabel &#8211;\u00a0Com impacto ambiental reduzido.<\/strong><\/li>\n<li>Indicado para superf\u00edcies duras resistentes \u00e0 \u00e1gua, incluindo janelas, espelhos, cer\u00e2mica vidrada, bem como superf\u00edcies pl\u00e1sticas;<\/li>\n<li>Deixa as superf\u00edcies sem marcas ou riscos;<\/li>\n<li>Excelente para remo\u00e7\u00e3o de dedadas, bem como tratamento de n\u00f3doas de outras sujidades ligeiramente aderidas;<\/li>\n<li>Deixa um agrad\u00e1vel aroma a lima em todas as \u00e1reas limpas;<\/li>\n<\/ul>\n<p><img loading=\"lazy\" class=\"alignnone size-full wp-image-4493\" src=\"https:\/\/shop.wegho.com\/wp-content\/uploads\/2020\/04\/Final-BANNER-tabela-de-produtos.png\" alt=\"\" width=\"1232\" height=\"854\" srcset=\"https:\/\/shop.wegho.com\/wp-content\/uploads\/2020\/04\/Final-BANNER-tabela-de-produtos.png 1232w, https:\/\/shop.wegho.com\/wp-content\/uploads\/2020\/04\/Final-BANNER-tabela-de-produtos-300x208.png 300w, https:\/\/shop.wegho.com\/wp-content\/uploads\/2020\/04\/Final-BANNER-tabela-de-produtos-1024x710.png 1024w, https:\/\/shop.wegho.com\/wp-content\/uploads\/2020\/04\/Final-BANNER-tabela-de-produtos-768x532.png 768w, https:\/\/shop.wegho.com\/wp-content\/uploads\/2020\/04\/Final-BANNER-tabela-de-produtos-600x416.png 600w\" sizes=\"(max-width: 1232px) 100vw, 1232px\" \/><\/p>\n<p>&nbsp;<\/p>\n<p><a href=\"https:\/\/shop.wegho.com\/pt\/ecolabel\/\" target=\"_blank\" rel=\"noopener noreferrer\"><br \/>\n<img loading=\"lazy\" class=\"wp-image-3674 alignleft\" role=\"img\" src=\"https:\/\/shop.wegho.com\/wp-content\/uploads\/2020\/04\/ecolabel-product-page.svg\" alt=\"\" width=\"484\" height=\"218\" \/><\/a><a href=\"https:\/\/shop.wegho.com\/pt\/smartdose\/\"><img loading=\"lazy\" class=\"wp-image-3688 alignleft\" role=\"img\" src=\"https:\/\/shop.wegho.com\/wp-content\/uploads\/2020\/03\/smartdose-product-page.svg\" alt=\"\" width=\"486\" height=\"219\" \/><\/a><\/p>\n<p>&nbsp;<\/p>\n<p>&nbsp;<\/p>\n<p>&nbsp;<\/p>\n<p>&nbsp;<\/p>\n<p>&nbsp;<\/p>\n<p>&nbsp;<\/p>\n<p><iframe src=\"https:\/\/www.youtube.com\/embed\/qJiQC9ywUqw\" width=\"560\" height=\"315\" frameborder=\"0\" allowfullscreen=\"allowfullscreen\"><\/iframe><\/p>\n<p style=\"font-family: 'Montserrat Regular'; text-align: left;\">DESCARREGAR \ud83d\udc47\ud83c\udffb<\/p>\n<p><a href=\"https:\/\/shop.wegho.com\/wp-content\/uploads\/2020\/03\/FT7520061.pdf\" target=\"blank\" rel=\"noopener noreferrer\"><br \/>\n<button style=\"box-sizing: border-box; height: 40px; width: auto; padding: 11px; border: 1px solid #289abd; border-radius: 3px; background: none; color: #289abd; font-family: Montserrat; font-size: 14px; font-weight: 600; text-transform: uppercase;\">Ficha T\u00e9cnica<br \/>\n<\/button><\/a><br \/>\n<a href=\"https:\/\/shop.wegho.com\/wp-content\/uploads\/2020\/03\/FS7520061.pdf\" target=\"blank\" rel=\"noopener noreferrer\"><br \/>\n<button style=\"box-sizing: border-box; height: 40px; width: auto; padding: 11px; border: 1px solid #289abd; border-radius: 3px; background: none; color: #289abd; font-family: Montserrat; font-size: 14px; font-weight: 600; text-transform: uppercase;\">Ficha de Seguran\u00e7a<br \/>\n<\/button><\/a><\/p>\n","protected":false},"excerpt":{"rendered":"<p>Detergente multiusos, \u00e0 base de \u00e1lcool, para limpeza di\u00e1ria sem deixar marcas em vidros e todas as superf\u00edcies duras resistentes<\/p>\n","protected":false},"featured_media":3852,"template":"","meta":[],"product_cat":[63,64,65,72],"product_tag":[74],"supplier_id":null,"supplier_sku":"","atum_controlled":true,"out_stock_date":"2023-07-05T13:15:04","out_stock_threshold":null,"inheritable":false,"inbound_stock":0,"stock_on_hold":0,"sold_today":0,"sales_last_days":0,"reserved_stock":0,"customer_returns":0,"warehouse_damage":0,"lost_in_post":0,"other_logs":0,"out_stock_days":1028,"lost_sales":6903,"has_location":false,"update_date":"2026-04-29T11:05:39","atum_locations":[],"atum_stock_status":"outofstock","low_stock":false,"low_stock_amount":"","sales_update_date":"2026-04-29T11:05:39","_links":{"self":[{"href":"https:\/\/shop.wegho.com\/pt\/wp-json\/wp\/v2\/product\/3036"}],"collection":[{"href":"https:\/\/shop.wegho.com\/pt\/wp-json\/wp\/v2\/product"}],"about":[{"href":"https:\/\/shop.wegho.com\/pt\/wp-json\/wp\/v2\/types\/product"}],"wp:featuredmedia":[{"embeddable":true,"href":"https:\/\/shop.wegho.com\/pt\/wp-json\/wp\/v2\/media\/3852"}],"wp:attachment":[{"href":"https:\/\/shop.wegho.com\/pt\/wp-json\/wp\/v2\/media?parent=3036"}],"wp:term":[{"taxonomy":"product_cat","embeddable":true,"href":"https:\/\/shop.wegho.com\/pt\/wp-json\/wp\/v2\/product_cat?post=3036"},{"taxonomy":"product_tag","embeddable":true,"href":"https:\/\/shop.wegho.com\/pt\/wp-json\/wp\/v2\/product_tag?post=3036"}],"curies":[{"name":"wp","href":"https:\/\/api.w.org\/{rel}","templated":true}]}}