{"id":3037,"date":"2020-03-29T15:28:18","date_gmt":"2020-03-29T15:28:18","guid":{"rendered":"https:\/\/wp.wegho.com\/product\/sem%20categoria\/import-placeholder-for-2969\/"},"modified":"2022-10-27T15:20:27","modified_gmt":"2022-10-27T15:20:27","slug":"concentrado-multisuperficies-casa-de-banho-diversey-sani-100","status":"publish","type":"product","link":"https:\/\/shop.wegho.com\/pt\/produto\/multiusos\/concentrado-multisuperficies-casa-de-banho-diversey-sani-100\/","title":{"rendered":"Concentrado Multisuperf\u00edcies Casa de Banho Diversey Sani 100 Pur-Eco SmartDose 1.4L"},"content":{"rendered":"<p><img loading=\"lazy\" class=\"alignnone wp-image-3811 size-full\" src=\"https:\/\/shop.wegho.com\/wp-content\/uploads\/2020\/03\/banner-header-sani-wc.png\" alt=\"\" width=\"710\" height=\"168\" srcset=\"https:\/\/shop.wegho.com\/wp-content\/uploads\/2020\/03\/banner-header-sani-wc.png 710w, https:\/\/shop.wegho.com\/wp-content\/uploads\/2020\/03\/banner-header-sani-wc-300x71.png 300w, https:\/\/shop.wegho.com\/wp-content\/uploads\/2020\/03\/banner-header-sani-wc-600x142.png 600w\" sizes=\"(max-width: 710px) 100vw, 710px\" \/><\/p>\n<ul>\n<li>Detergente para limpeza di\u00e1ria de casas de banho, para superf\u00edcies duras resistentes \u00e0 \u00e1gua, impede a forma\u00e7\u00e3o de calc\u00e1rio.<\/li>\n<li>Gra\u00e7as \u00e1 sua embalagem inteligente, o conceito SmartDose permite dosear de maneira f\u00e1cil, segura e precisa produtos de limpeza concentrados.<\/li>\n<li>Sani 100 Pur-Eco SD cumpre os crit\u00e9rios EU &#8220;Flower&#8221; e as directrizes Escandin\u00e1vas &#8220;NordicSwan&#8221; eco-label.<\/li>\n<\/ul>\n<p>&nbsp;<\/p>\n<p><strong>Vantagens<\/strong><\/p>\n<ul>\n<li>Extremamente econ\u00f3mico, atrav\u00e9s do doseamento perfeito do sistema SmartDose:\n<ul>\n<li><strong>1 unidade = 280 sprays = 100 baldes<\/strong><\/li>\n<\/ul>\n<p><a href=\"https:\/\/shop.wegho.com\/wp-content\/uploads\/2020\/03\/Ativo-1.svg\"><img loading=\"lazy\" class=\"alignnone size-full wp-image-3909\" role=\"img\" src=\"https:\/\/shop.wegho.com\/wp-content\/uploads\/2020\/03\/Ativo-1.svg\" alt=\"\" width=\"303\" height=\"79\" \/><\/a><\/li>\n<li>Produto da gama\u00a0<strong>Ecolabel &#8211;\u00a0Com impacto ambiental reduzido.<\/strong><\/li>\n<li>Eficaz desengordurante e detergente di\u00e1rio para todas as superficies duras resistentes a \u00e1gua.<\/li>\n<li>Utiliza\u00e7\u00e3o regular impede a forma\u00e7\u00e3o de calc\u00e1rio e pedra de sab\u00e3o;<\/li>\n<li>Deixa um agrad\u00e1vel aroma a lima em todas as \u00e1reas limpas;<\/li>\n<\/ul>\n<p><img loading=\"lazy\" class=\"alignnone size-full wp-image-4493\" src=\"https:\/\/shop.wegho.com\/wp-content\/uploads\/2020\/04\/Final-BANNER-tabela-de-produtos.png\" alt=\"\" width=\"1232\" height=\"854\" srcset=\"https:\/\/shop.wegho.com\/wp-content\/uploads\/2020\/04\/Final-BANNER-tabela-de-produtos.png 1232w, https:\/\/shop.wegho.com\/wp-content\/uploads\/2020\/04\/Final-BANNER-tabela-de-produtos-300x208.png 300w, https:\/\/shop.wegho.com\/wp-content\/uploads\/2020\/04\/Final-BANNER-tabela-de-produtos-1024x710.png 1024w, https:\/\/shop.wegho.com\/wp-content\/uploads\/2020\/04\/Final-BANNER-tabela-de-produtos-768x532.png 768w, https:\/\/shop.wegho.com\/wp-content\/uploads\/2020\/04\/Final-BANNER-tabela-de-produtos-600x416.png 600w\" sizes=\"(max-width: 1232px) 100vw, 1232px\" \/><\/p>\n<p>&nbsp;<\/p>\n<p>&nbsp;<\/p>\n<p><a href=\"https:\/\/shop.wegho.com\/pt\/ecolabel\/\" target=\"_blank\" rel=\"noopener noreferrer\"><img loading=\"lazy\" class=\"wp-image-3674 alignleft\" role=\"img\" src=\"https:\/\/shop.wegho.com\/wp-content\/uploads\/2020\/04\/ecolabel-product-page.svg\" alt=\"\" width=\"484\" height=\"218\" \/><\/a><a href=\"https:\/\/shop.wegho.com\/pt\/smartdose\/\"><img loading=\"lazy\" class=\"wp-image-3688 alignleft\" role=\"img\" src=\"https:\/\/shop.wegho.com\/wp-content\/uploads\/2020\/03\/smartdose-product-page.svg\" alt=\"\" width=\"486\" height=\"219\" \/><\/a><\/p>\n<p>&nbsp;<\/p>\n<p>&nbsp;<\/p>\n<p>&nbsp;<\/p>\n<p>&nbsp;<\/p>\n<p>&nbsp;<\/p>\n<p>&nbsp;<\/p>\n<p style=\"font-family: 'Montserrat Regular';text-align: left\">DESCARREGAR \ud83d\udc47\ud83c\udffb<\/p>\n<p><a href=\"https:\/\/shop.wegho.com\/wp-content\/uploads\/2020\/03\/FT7520037.pdf\" target=\"blank\" rel=\"noopener noreferrer\"><br \/>\n<button style=\"height: 40px;width: auto;padding: 11px;border: 1px solid #289abd;border-radius: 3px;background: none;color: #289abd;font-family: Montserrat;font-size: 14px;font-weight: 600;text-transform: uppercase\">Ficha T\u00e9cnica<br \/>\n<\/button><\/a><br \/>\n<a href=\"https:\/\/shop.wegho.com\/wp-content\/uploads\/2020\/03\/FS7520037.pdf\" target=\"blank\" rel=\"noopener noreferrer\"><br \/>\n<button style=\"height: 40px;width: auto;padding: 11px;border: 1px solid #289abd;border-radius: 3px;background: none;color: #289abd;font-family: Montserrat;font-size: 14px;font-weight: 600;text-transform: uppercase\">Ficha de Seguran\u00e7a<br \/>\n<\/button><\/a><\/p>\n","protected":false},"excerpt":{"rendered":"<p>Detergente para limpeza di\u00e1ria de casas de banho, para superf\u00edcies duras resistentes \u00e0 \u00e1gua, impede a forma\u00e7\u00e3o de calc\u00e1rio. Gra\u00e7as<\/p>\n","protected":false},"featured_media":3854,"template":"","meta":[],"product_cat":[73,65,72],"product_tag":[75,74],"supplier_id":null,"supplier_sku":"","atum_controlled":true,"out_stock_date":"2022-10-27T15:20:27","out_stock_threshold":null,"inheritable":false,"inbound_stock":0,"stock_on_hold":1,"sold_today":0,"sales_last_days":0,"reserved_stock":0,"customer_returns":0,"warehouse_damage":0,"lost_in_post":0,"other_logs":0,"out_stock_days":1267,"lost_sales":0,"has_location":false,"update_date":"2026-04-17T10:57:56","atum_locations":[],"atum_stock_status":"outofstock","low_stock":false,"low_stock_amount":"","sales_update_date":"2026-04-17T10:57:56","_links":{"self":[{"href":"https:\/\/shop.wegho.com\/pt\/wp-json\/wp\/v2\/product\/3037"}],"collection":[{"href":"https:\/\/shop.wegho.com\/pt\/wp-json\/wp\/v2\/product"}],"about":[{"href":"https:\/\/shop.wegho.com\/pt\/wp-json\/wp\/v2\/types\/product"}],"wp:featuredmedia":[{"embeddable":true,"href":"https:\/\/shop.wegho.com\/pt\/wp-json\/wp\/v2\/media\/3854"}],"wp:attachment":[{"href":"https:\/\/shop.wegho.com\/pt\/wp-json\/wp\/v2\/media?parent=3037"}],"wp:term":[{"taxonomy":"product_cat","embeddable":true,"href":"https:\/\/shop.wegho.com\/pt\/wp-json\/wp\/v2\/product_cat?post=3037"},{"taxonomy":"product_tag","embeddable":true,"href":"https:\/\/shop.wegho.com\/pt\/wp-json\/wp\/v2\/product_tag?post=3037"}],"curies":[{"name":"wp","href":"https:\/\/api.w.org\/{rel}","templated":true}]}}