{"id":3039,"date":"2020-03-29T15:28:19","date_gmt":"2020-03-29T15:28:19","guid":{"rendered":"https:\/\/wp.wegho.com\/product\/sem%20categoria\/import-placeholder-for-2971\/"},"modified":"2025-07-10T18:45:40","modified_gmt":"2025-07-10T18:45:40","slug":"tira-nodoas-profissional-tapi-spotex-2","status":"publish","type":"product","link":"https:\/\/shop.wegho.com\/pt\/produto\/limpeza-e-tratamento-de-carpetes\/tira-nodoas-profissional-tapi-spotex-2\/","title":{"rendered":"Tira-N\u00f3doas Profissional Tapi Spotex 2 750ml"},"content":{"rendered":"<ul>\n<li>O Tira-N\u00f3doas Profissional Tapi Spotex 2 permite remover n\u00f3doas de gorduras em alcatifas;<\/li>\n<li>Paticularmente eficaz na remo\u00e7\u00e3o de n\u00f3doas \u00e0 base de \u00e1gua como sumos, caf\u00e9, ch\u00e1, ketchup, vinho ou sangue.<\/li>\n<\/ul>\n<p><strong>Vantangens:<\/strong><\/p>\n<ul>\n<li>Eficaz e r\u00e1pido na remo\u00e7\u00e3o da maioria das n\u00f3doas sol\u00faveis em solventes;<\/li>\n<li>Atua\u00e7\u00e3o e tempo de secagem r\u00e1pidos.<\/li>\n<li>Pronto a usar<\/li>\n<\/ul>\n<p>DESCARREGAR \ud83d\udc47\ud83c\udffb<\/p>\n<p><a href=\"https:\/\/shop.wegho.com\/wp-content\/uploads\/2020\/03\/TASKI-Tapi-Spotex-2-PIS.pdf\" target=\"blank\" rel=\"noopener noreferrer\"><br \/>\n<button style=\"height: 40px; width: auto; padding: 11px; border: 1px solid #289abd; border-radius: 3px; background: none; color: #289abd; font-family: Montserrat; font-size: 14px; font-weight: 600; text-transform: uppercase;\">Ficha T\u00e9cnica<br \/>\n<\/button><\/a><\/p>\n<p><a href=\"https:\/\/shop.wegho.com\/wp-content\/uploads\/2020\/03\/MSDS5140_PT02_PT_TASKITapiSpotex2C4c.pdf\" target=\"blank\" rel=\"noopener noreferrer\"><br \/>\n<button style=\"height: 40px; width: auto; padding: 11px; border: 1px solid #289abd; border-radius: 3px; background: none; color: #289abd; font-family: Montserrat; font-size: 14px; font-weight: 600; text-transform: uppercase;\">Ficha de Seguran\u00e7a<br \/>\n<\/button><\/a><\/p>\n","protected":false},"excerpt":{"rendered":"<p>O Tira-N\u00f3doas Profissional Tapi Spotex 2 permite remover n\u00f3doas de gorduras em alcatifas; Paticularmente eficaz na remo\u00e7\u00e3o de n\u00f3doas \u00e0<\/p>\n","protected":false},"featured_media":4485,"template":"","meta":[],"product_cat":[84],"product_tag":[85],"supplier_id":null,"supplier_sku":"","atum_controlled":true,"out_stock_date":null,"out_stock_threshold":null,"inheritable":false,"inbound_stock":0,"stock_on_hold":0,"sold_today":0,"sales_last_days":0,"reserved_stock":0,"customer_returns":0,"warehouse_damage":0,"lost_in_post":0,"other_logs":0,"out_stock_days":0,"lost_sales":0,"has_location":false,"update_date":"2026-05-16T00:03:11","atum_locations":[],"atum_stock_status":"instock","low_stock":false,"low_stock_amount":"","sales_update_date":"2026-05-16T00:03:11","_links":{"self":[{"href":"https:\/\/shop.wegho.com\/pt\/wp-json\/wp\/v2\/product\/3039"}],"collection":[{"href":"https:\/\/shop.wegho.com\/pt\/wp-json\/wp\/v2\/product"}],"about":[{"href":"https:\/\/shop.wegho.com\/pt\/wp-json\/wp\/v2\/types\/product"}],"wp:featuredmedia":[{"embeddable":true,"href":"https:\/\/shop.wegho.com\/pt\/wp-json\/wp\/v2\/media\/4485"}],"wp:attachment":[{"href":"https:\/\/shop.wegho.com\/pt\/wp-json\/wp\/v2\/media?parent=3039"}],"wp:term":[{"taxonomy":"product_cat","embeddable":true,"href":"https:\/\/shop.wegho.com\/pt\/wp-json\/wp\/v2\/product_cat?post=3039"},{"taxonomy":"product_tag","embeddable":true,"href":"https:\/\/shop.wegho.com\/pt\/wp-json\/wp\/v2\/product_tag?post=3039"}],"curies":[{"name":"wp","href":"https:\/\/api.w.org\/{rel}","templated":true}]}}