{"id":3510,"date":"2020-04-03T08:51:42","date_gmt":"2020-04-03T08:51:42","guid":{"rendered":"https:\/\/shop.wegho.com\/?post_type=product&#038;p=3510"},"modified":"2022-01-19T07:54:26","modified_gmt":"2022-01-19T07:54:26","slug":"mascara-cirurgica-kimberly-clark-pouch-style","status":"publish","type":"product","link":"https:\/\/shop.wegho.com\/pt\/produto\/equipamentos-de-protecao-individual\/mascara-cirurgica-kimberly-clark-pouch-style\/","title":{"rendered":"M\u00e1scara Cir\u00fargica Kimberly Clark &#8211; Pouch Style &#8211; Caixa de 50 UN"},"content":{"rendered":"<ul>\n<li>M\u00e1scara facial n\u00e3o est\u00e9ril de simples e f\u00e1cil utiliza\u00e7\u00e3o;<\/li>\n<li>Constru\u00e7\u00e3o protetora de tr\u00eas camadas;<\/li>\n<li>Frente plissada e presilhas para f\u00e1cil coloca\u00e7\u00e3o e ajuste seguro;<\/li>\n<li>Caixa de 50 UN,<strong> limite de 2 unidades por cliente<\/strong>. <strong><span style=\"text-decoration: underline;\">Encomendas adicionais ser\u00e3o canceladas.<\/span><\/strong><\/li>\n<\/ul>\n<p>&nbsp;<\/p>\n<p><strong>Vantagens:<\/strong><\/p>\n<ul>\n<li>N\u00e3o s\u00e3o feitas de l\u00e1tex para reduzir o risco de rea\u00e7\u00f5es t\u00f3xicas e irrita\u00e7\u00e3o da pele;<\/li>\n<li>Ligada aos la\u00e7os do ouvido, melhorando a sua integridade e a sua resist\u00eancia;<\/li>\n<li>Nariz fechado ajuda a conformar-se com os contornos do rosto.<\/li>\n<\/ul>\n","protected":false},"excerpt":{"rendered":"<p>M\u00e1scara facial n\u00e3o est\u00e9ril de simples e f\u00e1cil utiliza\u00e7\u00e3o; Constru\u00e7\u00e3o protetora de tr\u00eas camadas; Frente plissada e presilhas para f\u00e1cil<\/p>\n","protected":false},"featured_media":3511,"template":"","meta":[],"product_cat":[86],"product_tag":[],"supplier_id":null,"supplier_sku":"","atum_controlled":true,"out_stock_date":null,"out_stock_threshold":null,"inheritable":false,"inbound_stock":0,"stock_on_hold":0,"sold_today":0,"sales_last_days":0,"reserved_stock":0,"customer_returns":0,"warehouse_damage":0,"lost_in_post":0,"other_logs":0,"out_stock_days":0,"lost_sales":0,"has_location":false,"update_date":"2026-04-21T11:00:58","atum_locations":[],"atum_stock_status":"instock","low_stock":false,"low_stock_amount":"","sales_update_date":"2026-04-21T11:00:58","_links":{"self":[{"href":"https:\/\/shop.wegho.com\/pt\/wp-json\/wp\/v2\/product\/3510"}],"collection":[{"href":"https:\/\/shop.wegho.com\/pt\/wp-json\/wp\/v2\/product"}],"about":[{"href":"https:\/\/shop.wegho.com\/pt\/wp-json\/wp\/v2\/types\/product"}],"wp:featuredmedia":[{"embeddable":true,"href":"https:\/\/shop.wegho.com\/pt\/wp-json\/wp\/v2\/media\/3511"}],"wp:attachment":[{"href":"https:\/\/shop.wegho.com\/pt\/wp-json\/wp\/v2\/media?parent=3510"}],"wp:term":[{"taxonomy":"product_cat","embeddable":true,"href":"https:\/\/shop.wegho.com\/pt\/wp-json\/wp\/v2\/product_cat?post=3510"},{"taxonomy":"product_tag","embeddable":true,"href":"https:\/\/shop.wegho.com\/pt\/wp-json\/wp\/v2\/product_tag?post=3510"}],"curies":[{"name":"wp","href":"https:\/\/api.w.org\/{rel}","templated":true}]}}