{"id":3827,"date":"2020-04-09T12:43:26","date_gmt":"2020-04-09T12:43:26","guid":{"rendered":"https:\/\/shop.wegho.com\/?post_type=product&#038;p=3827"},"modified":"2021-12-20T18:01:40","modified_gmt":"2021-12-20T18:01:40","slug":"detergente-desinfetante-de-superficies-diversey-sure-cleaner","status":"publish","type":"product","link":"https:\/\/shop.wegho.com\/pt\/produto\/limpeza-da-casa\/detergente-desinfetante-de-superficies-diversey-sure-cleaner\/","title":{"rendered":"Detergente Desinfetante de Superf\u00edcies Diversey Sure Cleaner"},"content":{"rendered":"<p>O <strong>Detergente Desinfetante de Superf\u00edcies Diversey Sure Cleaner<\/strong> \u00e9 ideal para utilizar na <strong>limpeza e desinfe\u00e7\u00e3o<\/strong> de todas as <strong>superf\u00edcies.<\/strong><\/p>\n<p>100% biodegrad\u00e1vel e decomposto por processos naturais, este detergente desinfetante est\u00e1 pronto a usar e a responder \u00e0s suas necessidades de limpeza di\u00e1ria.<\/p>\n<p>&nbsp;<\/p>\n<p><strong>Vantagens<\/strong><\/p>\n<ul>\n<li>Eficaz contra uma vasta gama de microorganismos, ajuda a melhorar a higiene e a seguran\u00e7a;<\/li>\n<li>Elimina 99,9% dos v\u00edrus, bact\u00e9rias e fungos;<\/li>\n<li>Sem lix\u00edvia e amon\u00edaco;<\/li>\n<li>Atividade bactericida e leveduricida;<\/li>\n<li>Impacto ambiental reduzido;<\/li>\n<li>Pronto a usar;<\/li>\n<\/ul>\n<p style=\"font-family: 'Montserrat Regular'; text-align: left;\"><img loading=\"lazy\" class=\"alignnone size-full wp-image-4493\" src=\"https:\/\/shop.wegho.com\/wp-content\/uploads\/2020\/04\/Final-BANNER-tabela-de-produtos.png\" alt=\"\" width=\"1232\" height=\"854\" srcset=\"https:\/\/shop.wegho.com\/wp-content\/uploads\/2020\/04\/Final-BANNER-tabela-de-produtos.png 1232w, https:\/\/shop.wegho.com\/wp-content\/uploads\/2020\/04\/Final-BANNER-tabela-de-produtos-300x208.png 300w, https:\/\/shop.wegho.com\/wp-content\/uploads\/2020\/04\/Final-BANNER-tabela-de-produtos-1024x710.png 1024w, https:\/\/shop.wegho.com\/wp-content\/uploads\/2020\/04\/Final-BANNER-tabela-de-produtos-768x532.png 768w, https:\/\/shop.wegho.com\/wp-content\/uploads\/2020\/04\/Final-BANNER-tabela-de-produtos-600x416.png 600w\" sizes=\"(max-width: 1232px) 100vw, 1232px\" \/>DESCARREGAR \ud83d\udc47\ud83c\udffb<\/p>\n<p><a href=\"https:\/\/shop.wegho.com\/wp-content\/uploads\/2020\/04\/1241-PIS-SURE_Cleaner_Disinfectant_Spray.pdf\" target=\"blank\" rel=\"noopener noreferrer\"><br \/>\n<button style=\"height: 40px; width: auto; padding: 11px; border: 1px solid #289abd; border-radius: 3px; background: none; color: #289abd; font-family: Montserrat; font-size: 14px; font-weight: 600; text-transform: uppercase;\">Ficha T\u00e9cnica<br \/>\n<\/button><\/a><\/p>\n<p><a href=\"https:\/\/shop.wegho.com\/wp-content\/uploads\/2020\/04\/FS.diversey.spray_.cleaner.pdf\" target=\"blank\" rel=\"noopener noreferrer\"><br \/>\n<button style=\"height: 40px; width: auto; padding: 11px; border: 1px solid #289abd; border-radius: 3px; background: none; color: #289abd; font-family: Montserrat; font-size: 14px; font-weight: 600; text-transform: uppercase;\">Ficha de Seguran\u00e7a<br \/>\n<\/button><\/a><\/p>\n","protected":false},"excerpt":{"rendered":"<p>O Detergente Desinfetante de Superf\u00edcies Diversey Sure Cleaner \u00e9 ideal para utilizar na limpeza e desinfe\u00e7\u00e3o de todas as superf\u00edcies.<\/p>\n","protected":false},"featured_media":3828,"template":"","meta":[],"product_cat":[63,90,64,72],"product_tag":[],"supplier_id":null,"supplier_sku":"100892512 ","atum_controlled":true,"out_stock_date":null,"out_stock_threshold":null,"inheritable":false,"inbound_stock":0,"stock_on_hold":0,"sold_today":0,"sales_last_days":0,"reserved_stock":0,"customer_returns":0,"warehouse_damage":0,"lost_in_post":0,"other_logs":0,"out_stock_days":0,"lost_sales":0,"has_location":false,"update_date":"2026-04-15T10:57:26","atum_locations":[],"atum_stock_status":"instock","low_stock":false,"low_stock_amount":"","sales_update_date":"2026-04-15T10:57:26","_links":{"self":[{"href":"https:\/\/shop.wegho.com\/pt\/wp-json\/wp\/v2\/product\/3827"}],"collection":[{"href":"https:\/\/shop.wegho.com\/pt\/wp-json\/wp\/v2\/product"}],"about":[{"href":"https:\/\/shop.wegho.com\/pt\/wp-json\/wp\/v2\/types\/product"}],"wp:featuredmedia":[{"embeddable":true,"href":"https:\/\/shop.wegho.com\/pt\/wp-json\/wp\/v2\/media\/3828"}],"wp:attachment":[{"href":"https:\/\/shop.wegho.com\/pt\/wp-json\/wp\/v2\/media?parent=3827"}],"wp:term":[{"taxonomy":"product_cat","embeddable":true,"href":"https:\/\/shop.wegho.com\/pt\/wp-json\/wp\/v2\/product_cat?post=3827"},{"taxonomy":"product_tag","embeddable":true,"href":"https:\/\/shop.wegho.com\/pt\/wp-json\/wp\/v2\/product_tag?post=3827"}],"curies":[{"name":"wp","href":"https:\/\/api.w.org\/{rel}","templated":true}]}}