{"id":3972,"date":"2020-04-23T18:03:50","date_gmt":"2020-04-23T18:03:50","guid":{"rendered":"https:\/\/shop.wegho.com\/?post_type=product&#038;p=3972"},"modified":"2021-02-22T13:34:13","modified_gmt":"2021-02-22T13:34:13","slug":"viseira-de-protecao","status":"publish","type":"product","link":"https:\/\/shop.wegho.com\/pt\/produto\/equipamentos-de-protecao-individual\/viseira-de-protecao\/","title":{"rendered":"Viseira de Prote\u00e7\u00e3o"},"content":{"rendered":"<p>A nossa viseira \u00e9 ideal para ser utilizada como prote\u00e7\u00e3o adicional em locais p\u00fablicos.<\/p>\n<p>Fabricada em Portugal, a viseira apresenta os serguintes <strong>benef\u00edcios<\/strong>:<\/p>\n<ul>\n<li>\u00c9 reutiliz\u00e1vel e de f\u00e1cil limpeza com solu\u00e7\u00e3o alco\u00f3lica (n\u00e3o use subst\u00e2ncias abrasivas ou solventes);<\/li>\n<li>N\u00e3o est\u00e9ril;<\/li>\n<li>Permite a passagem de luz;<\/li>\n<li>Protege contra os agentes atmosf\u00e9ricos;<\/li>\n<li>Elevado isolamento t\u00e9rmico;<\/li>\n<li>Resist\u00eancia contra impactos;<\/li>\n<\/ul>\n","protected":false},"excerpt":{"rendered":"<p>A nossa viseira \u00e9 ideal para ser utilizada como prote\u00e7\u00e3o adicional em locais p\u00fablicos. Fabricada em Portugal, a viseira apresenta<\/p>\n","protected":false},"featured_media":4439,"template":"","meta":[],"product_cat":[86],"product_tag":[],"supplier_id":null,"supplier_sku":"","atum_controlled":true,"out_stock_date":null,"out_stock_threshold":null,"inheritable":false,"inbound_stock":0,"stock_on_hold":0,"sold_today":0,"sales_last_days":0,"reserved_stock":0,"customer_returns":0,"warehouse_damage":0,"lost_in_post":0,"other_logs":0,"out_stock_days":0,"lost_sales":0,"has_location":false,"update_date":"2026-04-21T11:00:55","atum_locations":[],"atum_stock_status":"instock","low_stock":false,"low_stock_amount":"","sales_update_date":"2026-04-21T11:00:55","_links":{"self":[{"href":"https:\/\/shop.wegho.com\/pt\/wp-json\/wp\/v2\/product\/3972"}],"collection":[{"href":"https:\/\/shop.wegho.com\/pt\/wp-json\/wp\/v2\/product"}],"about":[{"href":"https:\/\/shop.wegho.com\/pt\/wp-json\/wp\/v2\/types\/product"}],"wp:featuredmedia":[{"embeddable":true,"href":"https:\/\/shop.wegho.com\/pt\/wp-json\/wp\/v2\/media\/4439"}],"wp:attachment":[{"href":"https:\/\/shop.wegho.com\/pt\/wp-json\/wp\/v2\/media?parent=3972"}],"wp:term":[{"taxonomy":"product_cat","embeddable":true,"href":"https:\/\/shop.wegho.com\/pt\/wp-json\/wp\/v2\/product_cat?post=3972"},{"taxonomy":"product_tag","embeddable":true,"href":"https:\/\/shop.wegho.com\/pt\/wp-json\/wp\/v2\/product_tag?post=3972"}],"curies":[{"name":"wp","href":"https:\/\/api.w.org\/{rel}","templated":true}]}}