{"id":4050,"date":"2020-04-30T18:12:26","date_gmt":"2020-04-30T18:12:26","guid":{"rendered":"https:\/\/shop.wegho.com\/?post_type=product&#038;p=4050"},"modified":"2025-11-04T07:55:29","modified_gmt":"2025-11-04T07:55:29","slug":"mascara-de-algodao-reutilizavel-certificada-5-un","status":"publish","type":"product","link":"https:\/\/shop.wegho.com\/pt\/produto\/equipamentos-de-protecao-individual\/mascara-de-algodao-reutilizavel-certificada-5-un\/","title":{"rendered":"M\u00e1scara de Algod\u00e3o Reutiliz\u00e1vel Certificada &#8211; 5 UN"},"content":{"rendered":"<p>Conhe\u00e7a a nova M\u00e1scara de Algod\u00e3o Reutiliz\u00e1vel Certificada! Com camada dupla e acabamento\u00a0<strong>protect,\u00a0<\/strong>a nossa m\u00e1scara de algod\u00e3o \u00e9 <strong>lav\u00e1vel<\/strong>, <strong>reutiliz\u00e1vel<\/strong> e pr\u00f3pria para o <strong>proteger e prevenir o cont\u00e1gio a terceiros<\/strong>.<\/p>\n<p>&nbsp;<\/p>\n<p><strong>Vantagens:<\/strong><\/p>\n<ul>\n<li>M\u00e1scara higi\u00e9nica com tratamento.<\/li>\n<li>M\u00e1scara 100% algod\u00e3o lav\u00e1vel.<\/li>\n<li>Previne o cont\u00e1gio a terceiros.<\/li>\n<li>Reduz o risco de cont\u00e1gio por contacto das m\u00e3os na cara.<\/li>\n<li>Com acabamento hidr\u00f3fugo do tecido que minimiza o risco de cont\u00e1gio por gotas de saliva.<\/li>\n<li>Com tratamento biocida que previne a forma\u00e7\u00e3o de culturas bacterianas na m\u00e1scara.<\/li>\n<li>Com capa de algod\u00e3o que reduz o risco de cont\u00e1gio pelo ar.<\/li>\n<\/ul>\n<p>&nbsp;<\/p>\n<p><a href=\"https:\/\/shop.wegho.com\/wp-content\/uploads\/2020\/04\/FICHA-T\u00c9CNICA-MASCARA-PROTECT.pdf\"><button style=\"height: 40px; width: auto; padding: 11px; border: 1px solid #289abd; border-radius: 3px; background: none; color: #289abd; font-family: Montserrat; font-size: 14px; font-weight: 600; text-transform: uppercase;\">FICHA T\u00c9CNICA<\/button><\/a><\/p>\n<p><a href=\"https:\/\/shop.wegho.com\/wp-content\/uploads\/2020\/04\/PRESTA\u00c7\u00c3O-DO-PRODUTO-MASCARA-PROTECT.pdf\"><button style=\"height: 40px; width: auto; padding: 11px; border: 1px solid #289abd; border-radius: 3px; background: none; color: #289abd; font-family: Montserrat; font-size: 14px; font-weight: 600; text-transform: uppercase;\">PRESTA\u00c7\u00c3O DO PRODUTO<\/button><\/a><\/p>\n","protected":false},"excerpt":{"rendered":"<p>Conhe\u00e7a a nova M\u00e1scara de Algod\u00e3o Reutiliz\u00e1vel Certificada! Com camada dupla e acabamento\u00a0protect,\u00a0a nossa m\u00e1scara de algod\u00e3o \u00e9 lav\u00e1vel, reutiliz\u00e1vel<\/p>\n","protected":false},"featured_media":4329,"template":"","meta":[],"product_cat":[86],"product_tag":[],"supplier_id":null,"supplier_sku":"","atum_controlled":true,"out_stock_date":null,"out_stock_threshold":null,"inheritable":false,"inbound_stock":0,"stock_on_hold":0,"sold_today":0,"sales_last_days":0,"reserved_stock":0,"customer_returns":0,"warehouse_damage":0,"lost_in_post":0,"other_logs":0,"out_stock_days":0,"lost_sales":0,"has_location":false,"update_date":"2026-04-21T11:00:57","atum_locations":[],"atum_stock_status":"instock","low_stock":false,"low_stock_amount":"","sales_update_date":"2026-04-21T11:00:57","_links":{"self":[{"href":"https:\/\/shop.wegho.com\/pt\/wp-json\/wp\/v2\/product\/4050"}],"collection":[{"href":"https:\/\/shop.wegho.com\/pt\/wp-json\/wp\/v2\/product"}],"about":[{"href":"https:\/\/shop.wegho.com\/pt\/wp-json\/wp\/v2\/types\/product"}],"wp:featuredmedia":[{"embeddable":true,"href":"https:\/\/shop.wegho.com\/pt\/wp-json\/wp\/v2\/media\/4329"}],"wp:attachment":[{"href":"https:\/\/shop.wegho.com\/pt\/wp-json\/wp\/v2\/media?parent=4050"}],"wp:term":[{"taxonomy":"product_cat","embeddable":true,"href":"https:\/\/shop.wegho.com\/pt\/wp-json\/wp\/v2\/product_cat?post=4050"},{"taxonomy":"product_tag","embeddable":true,"href":"https:\/\/shop.wegho.com\/pt\/wp-json\/wp\/v2\/product_tag?post=4050"}],"curies":[{"name":"wp","href":"https:\/\/api.w.org\/{rel}","templated":true}]}}