{"id":4385,"date":"2020-06-02T17:29:02","date_gmt":"2020-06-02T17:29:02","guid":{"rendered":"https:\/\/shop.wegho.com\/?post_type=product&#038;p=4385"},"modified":"2025-04-26T10:01:45","modified_gmt":"2025-04-26T10:01:45","slug":"desengordurante-forte-cif-pro-formula","status":"publish","type":"product","link":"https:\/\/shop.wegho.com\/pt\/produto\/limpeza-da-cozinha\/desengordurante-forte-cif-pro-formula\/","title":{"rendered":"Desengordurante Forte Cif Pro Formula 750ml"},"content":{"rendered":"<h1><img loading=\"lazy\" class=\"alignnone size-full wp-image-4503\" src=\"https:\/\/shop.wegho.com\/wp-content\/uploads\/2020\/06\/banner-email-cif-produtos.png\" alt=\"linha profissional cif\" width=\"800\" height=\"300\" srcset=\"https:\/\/shop.wegho.com\/wp-content\/uploads\/2020\/06\/banner-email-cif-produtos.png 800w, https:\/\/shop.wegho.com\/wp-content\/uploads\/2020\/06\/banner-email-cif-produtos-300x113.png 300w, https:\/\/shop.wegho.com\/wp-content\/uploads\/2020\/06\/banner-email-cif-produtos-768x288.png 768w, https:\/\/shop.wegho.com\/wp-content\/uploads\/2020\/06\/banner-email-cif-produtos-600x225.png 600w\" sizes=\"(max-width: 800px) 100vw, 800px\" \/><\/h1>\n<h1><\/h1>\n<h1>A solu\u00e7\u00e3o para a higiene da cozinha e \u00e1reas alimentares!<\/h1>\n<p>O Detergente Desengordurante Forte Cif Pro Formula remove rapidamente gorduras e sujidades fortes. \u00c9 indicado para a maioria das superf\u00edcies das cozinhas como panelas, camp\u00e2nulas, filtros, fritadeiras, pavimentos, paredes, portas, caleiras, etc. Deixa uma fragr\u00e2ncia<br \/>\nfresca e \u00e9 seguro em alum\u00ednio.<\/p>\n<p><strong>Benef\u00edcios<\/strong><br \/>\n&#8211; Eliminas gorduras dif\u00edceis e sujidade;<br \/>\n&#8211; Limpa rapidamente;<br \/>\n&#8211; Seguro em alum\u00ednio;<br \/>\n&#8211; Concentrado;<\/p>\n<p><strong>Aplica\u00e7\u00e3o<\/strong><br \/>\nIndicado para a maioria das superf\u00edcies das cozinhas como panelas, camp\u00e2nulas, filtros, fritadeiras, pavimentos, paredes, portas, caleiras, etc.<\/p>\n<p><strong>Instru\u00e7\u00f5es de utiliza\u00e7\u00e3o<\/strong><br \/>\n&#8211; Aplicar a solu\u00e7\u00e3o com um pulverizador ou em alternativa usando um balde com pano, mopa ou esponja.<br \/>\n&#8211; Enxaguar e deixar secar ao ar ou usar uma mopa\/pano limpo e seco para secar.<br \/>\n&#8211; Para superf\u00edcies n\u00e3o alimentares n\u00e3o necessita de enxaguamento.<\/p>\n<p>&nbsp;<\/p>\n<p style=\"font-family: 'Montserrat Regular'; text-align: left;\">DESCARREGAR \ud83d\udc47\ud83c\udffb<\/p>\n<p><a href=\"https:\/\/shop.wegho.com\/wp-content\/uploads\/2020\/05\/Cif.Pro_.Formula.Degreaser.FT_.pdf\" target=\"blank\" rel=\"noopener noreferrer\"><br \/>\n<button style=\"height: 40px; width: auto; padding: 11px; border: 1px solid #289abd; border-radius: 3px; background: none; color: #289abd; font-family: Montserrat; font-size: 14px; font-weight: 600; text-transform: uppercase;\">Ficha T\u00e9cnica<br \/>\n<\/button><\/a><\/p>\n<p><a href=\"https:\/\/shop.wegho.com\/wp-content\/uploads\/2020\/05\/Cif.Pro_.Formula.Degreaser.FS_.pdf\" target=\"blank\" rel=\"noopener noreferrer\"><br \/>\n<button style=\"height: 40px; width: auto; padding: 11px; border: 1px solid #289abd; border-radius: 3px; background: none; color: #289abd; font-family: Montserrat; font-size: 14px; font-weight: 600; text-transform: uppercase;\">Ficha de Seguran\u00e7a<br \/>\n<\/button><\/a><\/p>\n","protected":false},"excerpt":{"rendered":"<p>A solu\u00e7\u00e3o para a higiene da cozinha e \u00e1reas alimentares! O Detergente Desengordurante Forte Cif Pro Formula remove rapidamente gorduras<\/p>\n","protected":false},"featured_media":4433,"template":"","meta":[],"product_cat":[90],"product_tag":[109],"supplier_id":null,"supplier_sku":"","atum_controlled":true,"out_stock_date":null,"out_stock_threshold":null,"inheritable":false,"inbound_stock":0,"stock_on_hold":1,"sold_today":0,"sales_last_days":0,"reserved_stock":0,"customer_returns":0,"warehouse_damage":0,"lost_in_post":0,"other_logs":0,"out_stock_days":0,"lost_sales":0,"has_location":false,"update_date":"2026-05-02T11:06:42","atum_locations":[],"atum_stock_status":"instock","low_stock":false,"low_stock_amount":"","sales_update_date":"2026-05-02T11:06:42","_links":{"self":[{"href":"https:\/\/shop.wegho.com\/pt\/wp-json\/wp\/v2\/product\/4385"}],"collection":[{"href":"https:\/\/shop.wegho.com\/pt\/wp-json\/wp\/v2\/product"}],"about":[{"href":"https:\/\/shop.wegho.com\/pt\/wp-json\/wp\/v2\/types\/product"}],"wp:featuredmedia":[{"embeddable":true,"href":"https:\/\/shop.wegho.com\/pt\/wp-json\/wp\/v2\/media\/4433"}],"wp:attachment":[{"href":"https:\/\/shop.wegho.com\/pt\/wp-json\/wp\/v2\/media?parent=4385"}],"wp:term":[{"taxonomy":"product_cat","embeddable":true,"href":"https:\/\/shop.wegho.com\/pt\/wp-json\/wp\/v2\/product_cat?post=4385"},{"taxonomy":"product_tag","embeddable":true,"href":"https:\/\/shop.wegho.com\/pt\/wp-json\/wp\/v2\/product_tag?post=4385"}],"curies":[{"name":"wp","href":"https:\/\/api.w.org\/{rel}","templated":true}]}}