{"id":4388,"date":"2020-06-02T17:30:39","date_gmt":"2020-06-02T17:30:39","guid":{"rendered":"https:\/\/shop.wegho.com\/?post_type=product&#038;p=4388"},"modified":"2021-05-19T14:41:05","modified_gmt":"2021-05-19T14:41:05","slug":"creme-limao-cif-pro-formula","status":"publish","type":"product","link":"https:\/\/shop.wegho.com\/pt\/produto\/limpeza-da-casa-de-banho\/creme-limao-cif-pro-formula\/","title":{"rendered":"Creme Lim\u00e3o Cif Pro Formula 2L"},"content":{"rendered":"<h1><img loading=\"lazy\" class=\"alignnone size-full wp-image-4503\" src=\"https:\/\/shop.wegho.com\/wp-content\/uploads\/2020\/06\/banner-email-cif-produtos.png\" alt=\"linha profissional cif\" width=\"800\" height=\"300\" srcset=\"https:\/\/shop.wegho.com\/wp-content\/uploads\/2020\/06\/banner-email-cif-produtos.png 800w, https:\/\/shop.wegho.com\/wp-content\/uploads\/2020\/06\/banner-email-cif-produtos-300x113.png 300w, https:\/\/shop.wegho.com\/wp-content\/uploads\/2020\/06\/banner-email-cif-produtos-768x288.png 768w, https:\/\/shop.wegho.com\/wp-content\/uploads\/2020\/06\/banner-email-cif-produtos-600x225.png 600w\" sizes=\"(max-width: 800px) 100vw, 800px\" \/><\/h1>\n<h1><\/h1>\n<h1>Com micropart\u00edculas para as limpezas mais dif\u00edceis!<\/h1>\n<p>O Creme Lim\u00e3o da Cif Pro Formula \u00e9 um creme de limpeza com micropart\u00edculas para as mais dif\u00edceis tarefas de limpeza das casas de banho, \u00e1reas comuns ou mesmo cozinhas. Remove gorduras, sujidades, calc\u00e1rio, oxida\u00e7\u00e3o, bolor e manchas, deixando as superf\u00edcies limpas e brilhantes. Suave para superf\u00edcies lav\u00e1veis incluindo esmalte, a\u00e7o inox e vitrocer\u00e2mica (ap\u00f3s arrefecimento).<\/p>\n<p><strong>Benef\u00edcios:<\/strong><br \/>\nIndicado para limpezas dif\u00edceis de:<br \/>\n&#8211; Alimentos ressequidos;<br \/>\n&#8211; Calc\u00e1rio;<br \/>\n&#8211; Sujidade incrustada;<br \/>\n&#8211; Placas de vitrocer\u00e2mica;<\/p>\n<p><strong>A gama Pro Formula<\/strong><br \/>\nUm ambiente perfeitamente limpo est\u00e1 na base de qualquer experi\u00eancia e relacionamento duradouro com o cliente. Pro Formula coloca \u00e0 sua disposi\u00e7\u00e3o uma gama completa de produtos de limpeza com f\u00f3rmulas profissionais e marcas de confian\u00e7a da Unilever, como Skip, Cif, Sun, Sunlight e Domestos. Esta gama foi desenvolvida especificamente para ir ao encontro das necessidades dos seus neg\u00f3cios, proporcionando-lhe os resultados excecionais de uma limpeza profissional.<\/p>\n<p><strong>Aplica\u00e7\u00e3o<\/strong><br \/>\nO Creme Lim\u00e3o da Cif Pro Formula \u00e9 recomendado para os materiais normalmente encontrados em casas de banho e cozinhas.<\/p>\n<p><strong>Instru\u00e7\u00f5es de utiliza\u00e7\u00e3o<\/strong><br \/>\n&#8211; Aplicar diretamente sobre as superf\u00edcies com uma esponja\/pano h\u00famido, limpar e enxaguar.<\/p>\n<p>&nbsp;<\/p>\n<p>DESCARREGAR \ud83d\udc47\ud83c\udffb<\/p>\n<p><a href=\"https:\/\/shop.wegho.com\/wp-content\/uploads\/2020\/05\/Cif.Profissional.Creme_.Limao_.FT_.pdf\" target=\"blank\" rel=\"noopener noreferrer\"><br \/>\n<button style=\"height: 40px; width: auto; padding: 11px; border: 1px solid #289abd; border-radius: 3px; background: none; color: #289abd; font-family: Montserrat; font-size: 14px; font-weight: 600; text-transform: uppercase;\">Ficha T\u00e9cnica<br \/>\n<\/button><\/a><\/p>\n<p><a href=\"https:\/\/shop.wegho.com\/wp-content\/uploads\/2020\/05\/Cif.Profissional.Creme_.Limao_.FS_.pdf\" target=\"blank\" rel=\"noopener noreferrer\"><br \/>\n<button style=\"height: 40px; width: auto; padding: 11px; border: 1px solid #289abd; border-radius: 3px; background: none; color: #289abd; font-family: Montserrat; font-size: 14px; font-weight: 600; text-transform: uppercase;\">Ficha de Seguran\u00e7a<br \/>\n<\/button><\/a><\/p>\n","protected":false},"excerpt":{"rendered":"<p>Com micropart\u00edculas para as limpezas mais dif\u00edceis! O Creme Lim\u00e3o da Cif Pro Formula \u00e9 um creme de limpeza com<\/p>\n","protected":false},"featured_media":4431,"template":"","meta":[],"product_cat":[73,90],"product_tag":[109],"supplier_id":null,"supplier_sku":"","atum_controlled":true,"out_stock_date":null,"out_stock_threshold":null,"inheritable":false,"inbound_stock":0,"stock_on_hold":1,"sold_today":0,"sales_last_days":0,"reserved_stock":0,"customer_returns":0,"warehouse_damage":0,"lost_in_post":0,"other_logs":0,"out_stock_days":0,"lost_sales":0,"has_location":false,"update_date":"2026-05-01T11:06:42","atum_locations":[],"atum_stock_status":"instock","low_stock":false,"low_stock_amount":"","sales_update_date":"2026-05-01T11:06:42","_links":{"self":[{"href":"https:\/\/shop.wegho.com\/pt\/wp-json\/wp\/v2\/product\/4388"}],"collection":[{"href":"https:\/\/shop.wegho.com\/pt\/wp-json\/wp\/v2\/product"}],"about":[{"href":"https:\/\/shop.wegho.com\/pt\/wp-json\/wp\/v2\/types\/product"}],"wp:featuredmedia":[{"embeddable":true,"href":"https:\/\/shop.wegho.com\/pt\/wp-json\/wp\/v2\/media\/4431"}],"wp:attachment":[{"href":"https:\/\/shop.wegho.com\/pt\/wp-json\/wp\/v2\/media?parent=4388"}],"wp:term":[{"taxonomy":"product_cat","embeddable":true,"href":"https:\/\/shop.wegho.com\/pt\/wp-json\/wp\/v2\/product_cat?post=4388"},{"taxonomy":"product_tag","embeddable":true,"href":"https:\/\/shop.wegho.com\/pt\/wp-json\/wp\/v2\/product_tag?post=4388"}],"curies":[{"name":"wp","href":"https:\/\/api.w.org\/{rel}","templated":true}]}}