{"id":4391,"date":"2020-06-02T17:30:39","date_gmt":"2020-06-02T17:30:39","guid":{"rendered":"https:\/\/shop.wegho.com\/?post_type=product&#038;p=4391"},"modified":"2022-08-04T11:34:07","modified_gmt":"2022-08-04T11:34:07","slug":"vidros-e-multisuperficies-cif-pro-formula","status":"publish","type":"product","link":"https:\/\/shop.wegho.com\/pt\/produto\/limpeza-da-casa\/vidros-e-multisuperficies-cif-pro-formula\/","title":{"rendered":"Vidros e Multisuperf\u00edcies Cif Pro Formula 750ml"},"content":{"rendered":"<h1><img loading=\"lazy\" class=\"alignnone size-full wp-image-4503\" src=\"https:\/\/shop.wegho.com\/wp-content\/uploads\/2020\/06\/banner-email-cif-produtos.png\" alt=\"linha profissional cif\" width=\"800\" height=\"300\" srcset=\"https:\/\/shop.wegho.com\/wp-content\/uploads\/2020\/06\/banner-email-cif-produtos.png 800w, https:\/\/shop.wegho.com\/wp-content\/uploads\/2020\/06\/banner-email-cif-produtos-300x113.png 300w, https:\/\/shop.wegho.com\/wp-content\/uploads\/2020\/06\/banner-email-cif-produtos-768x288.png 768w, https:\/\/shop.wegho.com\/wp-content\/uploads\/2020\/06\/banner-email-cif-produtos-600x225.png 600w\" sizes=\"(max-width: 800px) 100vw, 800px\" \/><\/h1>\n<h1><\/h1>\n<h1>A solu\u00e7\u00e3o para a higiene da cozinha e \u00e1reas alimentares!<\/h1>\n<p>Cif PF Vidros e Multissuperf\u00edcies remove rapidamente sujidade e gordura e deixa um brilho sem marcas em segundos. Pronto a usar em janelas e superf\u00edcies interiores, incluindo expositores, mesas, espelhos, vitrines e outras superf\u00edcies duras.<\/p>\n<p><strong>Benef\u00edcios<\/strong><br \/>\n&#8211; Remove sujidade e gordura;<br \/>\n&#8211; Brilho sem marcas em segundos;<\/p>\n<p><strong>A gama Pro Formula<\/strong><br \/>\nUm ambiente perfeitamente limpo est\u00e1 na base de qualquer experi\u00eancia e relacionamento duradouro com o cliente. Pro Formula coloca \u00e0 sua disposi\u00e7\u00e3o uma gama completa de produtos de limpeza com f\u00f3rmulas profissionais e marcas de confian\u00e7a da Unilever, como Skip, Cif, Sun, Sunlight e Domestos. Esta gama foi desenvolvida especificamente para ir ao encontro das necessidades dos seus neg\u00f3cios, proporcionando-lhe os resultados excecionais de uma limpeza profissional.<\/p>\n<p><strong>Aplica\u00e7\u00e3o<\/strong><br \/>\nIndicado para aplica\u00e7\u00e3o em janelas e superf\u00edcies interiores, incluindo expositores, mesas, espelhos, vitrines e outras superf\u00edcies duras.<\/p>\n<p><strong>Instru\u00e7\u00f5es de utiliza\u00e7\u00e3o<\/strong><br \/>\n&#8211; Pulverizar diretamente para um pano seco e limpo e aplicar.<br \/>\n&#8211; Polir para mais brilho.<br \/>\n&#8211; Para \u00e1reas maiores pulverizar diretamente sobre a superf\u00edcie.<\/p>\n<p>&nbsp;<\/p>\n<p>DESCARREGAR \ud83d\udc47\ud83c\udffb<\/p>\n<p><a href=\"https:\/\/shop.wegho.com\/wp-content\/uploads\/2020\/05\/Cif.Pro_.Formula.Vidros.Multisuperficies.FT_.pdf\" target=\"blank\" rel=\"noopener noreferrer\"><br \/>\n<button style=\"height: 40px; width: auto; padding: 11px; border: 1px solid #289abd; border-radius: 3px; background: none; color: #289abd; font-family: Montserrat; font-size: 14px; font-weight: 600; text-transform: uppercase;\">Ficha T\u00e9cnica<br \/>\n<\/button><\/a><\/p>\n<p><a href=\"https:\/\/shop.wegho.com\/wp-content\/uploads\/2020\/05\/Cif.Pro_.Formula.Vidros.Multisuperficies.FS_.pdf\" target=\"blank\" rel=\"noopener noreferrer\"><br \/>\n<button style=\"height: 40px; width: auto; padding: 11px; border: 1px solid #289abd; border-radius: 3px; background: none; color: #289abd; font-family: Montserrat; font-size: 14px; font-weight: 600; text-transform: uppercase;\">Ficha de Seguran\u00e7a<br \/>\n<\/button><\/a><\/p>\n","protected":false},"excerpt":{"rendered":"<p>A solu\u00e7\u00e3o para a higiene da cozinha e \u00e1reas alimentares! Cif PF Vidros e Multissuperf\u00edcies remove rapidamente sujidade e gordura<\/p>\n","protected":false},"featured_media":4429,"template":"","meta":[],"product_cat":[63,73,90,64],"product_tag":[109],"supplier_id":null,"supplier_sku":"","atum_controlled":true,"out_stock_date":"2022-08-04T11:34:07","out_stock_threshold":null,"inheritable":false,"inbound_stock":0,"stock_on_hold":0,"sold_today":0,"sales_last_days":0,"reserved_stock":0,"customer_returns":0,"warehouse_damage":0,"lost_in_post":0,"other_logs":0,"out_stock_days":1351,"lost_sales":1775,"has_location":false,"update_date":"2026-04-17T10:57:52","atum_locations":[],"atum_stock_status":"outofstock","low_stock":false,"low_stock_amount":"","sales_update_date":"2026-04-17T10:57:52","_links":{"self":[{"href":"https:\/\/shop.wegho.com\/pt\/wp-json\/wp\/v2\/product\/4391"}],"collection":[{"href":"https:\/\/shop.wegho.com\/pt\/wp-json\/wp\/v2\/product"}],"about":[{"href":"https:\/\/shop.wegho.com\/pt\/wp-json\/wp\/v2\/types\/product"}],"wp:featuredmedia":[{"embeddable":true,"href":"https:\/\/shop.wegho.com\/pt\/wp-json\/wp\/v2\/media\/4429"}],"wp:attachment":[{"href":"https:\/\/shop.wegho.com\/pt\/wp-json\/wp\/v2\/media?parent=4391"}],"wp:term":[{"taxonomy":"product_cat","embeddable":true,"href":"https:\/\/shop.wegho.com\/pt\/wp-json\/wp\/v2\/product_cat?post=4391"},{"taxonomy":"product_tag","embeddable":true,"href":"https:\/\/shop.wegho.com\/pt\/wp-json\/wp\/v2\/product_tag?post=4391"}],"curies":[{"name":"wp","href":"https:\/\/api.w.org\/{rel}","templated":true}]}}