{"id":4396,"date":"2020-06-02T17:30:40","date_gmt":"2020-06-02T17:30:40","guid":{"rendered":"https:\/\/shop.wegho.com\/?post_type=product&#038;p=4396"},"modified":"2024-01-29T19:21:35","modified_gmt":"2024-01-29T19:21:35","slug":"limpeza-de-juntas-domestos-pro-formula","status":"publish","type":"product","link":"https:\/\/shop.wegho.com\/pt\/produto\/limpeza-da-casa-de-banho\/limpeza-de-juntas-domestos-pro-formula\/","title":{"rendered":"Limpeza de Juntas Domestos Pro Formula 750ml"},"content":{"rendered":"<h1><img loading=\"lazy\" class=\"alignnone size-full wp-image-4503\" src=\"https:\/\/shop.wegho.com\/wp-content\/uploads\/2020\/06\/banner-email-cif-produtos.png\" alt=\"linha profissional cif\" width=\"800\" height=\"300\" srcset=\"https:\/\/shop.wegho.com\/wp-content\/uploads\/2020\/06\/banner-email-cif-produtos.png 800w, https:\/\/shop.wegho.com\/wp-content\/uploads\/2020\/06\/banner-email-cif-produtos-300x113.png 300w, https:\/\/shop.wegho.com\/wp-content\/uploads\/2020\/06\/banner-email-cif-produtos-768x288.png 768w, https:\/\/shop.wegho.com\/wp-content\/uploads\/2020\/06\/banner-email-cif-produtos-600x225.png 600w\" sizes=\"(max-width: 800px) 100vw, 800px\" \/><\/h1>\n<h1>Poderosa limpeza das casas de banho!<\/h1>\n<p>O Produto de Limpeza de Juntas da Domestos Pro Formula \u00e9 preparado em gel e permanece nas superf\u00edcies verticais, sendo ideal para usar em juntas entre os azulejos para remover rapidamente bolor e mofo. A f\u00f3rmula \u00e0 base de cloro permite limpar manchas dif\u00edceis e, ao mesmo tempo, remover bact\u00e9rias.<\/p>\n<p><strong>Benef\u00edcios<\/strong><br \/>\n&#8211; Remove as manchas mais dif\u00edceis;<br \/>\n&#8211; F\u00f3rmula em gel de r\u00e1pida atua\u00e7\u00e3o;<br \/>\n&#8211; Permanece em superf\u00edcies verticais;<br \/>\n&#8211; Para todas as superf\u00edcies resistentes \u00e0 \u00e1gua;<br \/>\n&#8211; Resultados brilhantes;<\/p>\n<p><strong>A gama Pro Formula<\/strong><br \/>\nUm ambiente perfeitamente limpo est\u00e1 na base de qualquer experi\u00eancia e relacionamento duradouro com o cliente. Pro Formula coloca \u00e0 sua disposi\u00e7\u00e3o uma gama completa de produtos de limpeza com f\u00f3rmulas profissionais e marcas de confian\u00e7a da Unilever, como Skip, Cif, Sun, Sunlight e Domestos. Esta gama foi desenvolvida especificamente para ir ao encontro das necessidades dos seus neg\u00f3cios, proporcionando-lhe os resultados excecionais de uma limpeza profissional.<\/p>\n<p><strong>Aplica\u00e7\u00e3o<\/strong><br \/>\nAdequado para todas as superf\u00edcies resistentes \u00e0 \u00e1gua.<br \/>\nN\u00e3o utilizar em madeira, esmalte velho, metal cromado, alum\u00ednio, juntas coloridas, vinil, lin\u00f3leo, borracha, tecido ou couro.<\/p>\n<p><strong>Instru\u00e7\u00f5es de utiliza\u00e7\u00e3o<\/strong><br \/>\n&#8211; Agitar a embalagem e aplicar puro diretamente na superf\u00edcie.<br \/>\n&#8211; Deixar atuar durante 5 minutos.<br \/>\n&#8211; Enxaguar bem.<\/p>\n<p>&nbsp;<\/p>\n<p>DESCARREGAR \ud83d\udc47\ud83c\udffb<\/p>\n<p><a href=\"https:\/\/shop.wegho.com\/wp-content\/uploads\/2020\/05\/Domestos.Profissional.Limepza.Juntas.FT_.pdf\" target=\"blank\" rel=\"noopener noreferrer\"><br \/>\n<button style=\"height: 40px; width: auto; padding: 11px; border: 1px solid #289abd; border-radius: 3px; background: none; color: #289abd; font-family: Montserrat; font-size: 14px; font-weight: 600; text-transform: uppercase;\">Ficha T\u00e9cnica<br \/>\n<\/button><\/a><\/p>\n<p><a href=\"https:\/\/shop.wegho.com\/wp-content\/uploads\/2020\/05\/Domestos.Profissional.Limepza.Juntas.FS_.pdf\" target=\"blank\" rel=\"noopener noreferrer\"><button style=\"height: 40px; width: auto; padding: 11px; border: 1px solid #289abd; border-radius: 3px; background: none; color: #289abd; font-family: Montserrat; font-size: 14px; font-weight: 600; text-transform: uppercase;\">Ficha de Seguran\u00e7a<br \/>\n<\/button><\/a><\/p>\n","protected":false},"excerpt":{"rendered":"<p>Poderosa limpeza das casas de banho! O Produto de Limpeza de Juntas da Domestos Pro Formula \u00e9 preparado em gel<\/p>\n","protected":false},"featured_media":4424,"template":"","meta":[],"product_cat":[73],"product_tag":[109],"supplier_id":null,"supplier_sku":"","atum_controlled":true,"out_stock_date":null,"out_stock_threshold":null,"inheritable":false,"inbound_stock":0,"stock_on_hold":1,"sold_today":0,"sales_last_days":0,"reserved_stock":0,"customer_returns":0,"warehouse_damage":0,"lost_in_post":0,"other_logs":0,"out_stock_days":0,"lost_sales":0,"has_location":false,"update_date":"2026-05-02T11:06:41","atum_locations":[],"atum_stock_status":"instock","low_stock":false,"low_stock_amount":"","sales_update_date":"2026-05-02T11:06:41","_links":{"self":[{"href":"https:\/\/shop.wegho.com\/pt\/wp-json\/wp\/v2\/product\/4396"}],"collection":[{"href":"https:\/\/shop.wegho.com\/pt\/wp-json\/wp\/v2\/product"}],"about":[{"href":"https:\/\/shop.wegho.com\/pt\/wp-json\/wp\/v2\/types\/product"}],"wp:featuredmedia":[{"embeddable":true,"href":"https:\/\/shop.wegho.com\/pt\/wp-json\/wp\/v2\/media\/4424"}],"wp:attachment":[{"href":"https:\/\/shop.wegho.com\/pt\/wp-json\/wp\/v2\/media?parent=4396"}],"wp:term":[{"taxonomy":"product_cat","embeddable":true,"href":"https:\/\/shop.wegho.com\/pt\/wp-json\/wp\/v2\/product_cat?post=4396"},{"taxonomy":"product_tag","embeddable":true,"href":"https:\/\/shop.wegho.com\/pt\/wp-json\/wp\/v2\/product_tag?post=4396"}],"curies":[{"name":"wp","href":"https:\/\/api.w.org\/{rel}","templated":true}]}}