{"id":4401,"date":"2020-06-02T17:30:40","date_gmt":"2020-06-02T17:30:40","guid":{"rendered":"https:\/\/shop.wegho.com\/?post_type=product&#038;p=4401"},"modified":"2023-02-17T17:28:07","modified_gmt":"2023-02-17T17:28:07","slug":"desincrustante-casas-banho-cif-pro-formula","status":"publish","type":"product","link":"https:\/\/shop.wegho.com\/pt\/produto\/limpeza-da-casa-de-banho\/desincrustante-casas-banho-cif-pro-formula\/","title":{"rendered":"Desincrustante Casas Banho Cif Pro Formula 750ml"},"content":{"rendered":"<p><img loading=\"lazy\" class=\"alignnone size-full wp-image-4503\" src=\"https:\/\/shop.wegho.com\/wp-content\/uploads\/2020\/06\/banner-email-cif-produtos.png\" alt=\"linha profissional cif\" width=\"800\" height=\"300\" srcset=\"https:\/\/shop.wegho.com\/wp-content\/uploads\/2020\/06\/banner-email-cif-produtos.png 800w, https:\/\/shop.wegho.com\/wp-content\/uploads\/2020\/06\/banner-email-cif-produtos-300x113.png 300w, https:\/\/shop.wegho.com\/wp-content\/uploads\/2020\/06\/banner-email-cif-produtos-768x288.png 768w, https:\/\/shop.wegho.com\/wp-content\/uploads\/2020\/06\/banner-email-cif-produtos-600x225.png 600w\" sizes=\"(max-width: 800px) 100vw, 800px\" \/><\/p>\n<h1><strong>Poderosa limpeza das casas de banho<\/strong>!<\/h1>\n<p>O Detergente Desincrustante Casas de Banho Cif Pro Formula 2 in1 remove calc\u00e1rio, sujidade e res\u00edduos de sabonete com resultados brilhantes e deixando uma fragr\u00e2ncia fresca de longa dura\u00e7\u00e3o.<\/p>\n<p><strong>Benef\u00edcios<\/strong><br \/>\n&#8211; Limpeza e desincrusta\u00e7\u00e3o;<br \/>\n&#8211; Resultados brilhantes;<br \/>\n&#8211; Fragr\u00e2ncia de longa dura\u00e7\u00e3o;<br \/>\n&#8211; Seguro em cromados e a\u00e7o inox;<\/p>\n<p><strong>A gama Pro Formula<\/strong><br \/>\nUm ambiente perfeitamente limpo est\u00e1 na base de qualquer experi\u00eancia e relacionamento duradouro com o cliente. Pro Formula coloca \u00e0 sua disposi\u00e7\u00e3o uma gama completa de produtos de limpeza com f\u00f3rmulas profissionais e marcas de confian\u00e7a da Unilever, como Skip, Cif, Sun, Sunlight e Domestos. Esta gama foi desenvolvida especificamente para ir ao encontro das necessidades dos seus neg\u00f3cios, proporcionando-lhe os resultados excecionais de uma limpeza profissional.<\/p>\n<p><strong>Aplica\u00e7\u00e3o<\/strong><br \/>\nIndicado para banheiras, chuveiros, lavat\u00f3rios, sanit\u00e1rios; \u00e9 seguro em cromados, a\u00e7o inox, pl\u00e1sticos e cer\u00e2mica (n\u00e3o indicado para m\u00e1rmore ou outras superf\u00edcies sens\u00edveis a \u00e1cidos).<\/p>\n<p><strong>Instru\u00e7\u00f5es de utiliza\u00e7\u00e3o<\/strong><br \/>\nUsar a puro com um pulverizador ou dilu\u00eddo \u00e0 concentra\u00e7\u00e3o de 60 ml para balde com 8 L de \u00e1gua, limpar com pano<br \/>\nou esponja.Para aplica\u00e7\u00e3o a puro molhar previamente as superf\u00edcies e enxaguar em seguida.<\/p>\n<p>&nbsp;<\/p>\n<p>DESCARREGAR \ud83d\udc47\ud83c\udffb<\/p>\n<p><a href=\"https:\/\/shop.wegho.com\/wp-content\/uploads\/2020\/06\/1644-PSS-Cif-PF-Desincrustante-CB.pdf\" target=\"blank\" rel=\"noopener noreferrer\"><br \/>\n<button style=\"height: 40px; width: auto; padding: 11px; border: 1px solid #289abd; border-radius: 3px; background: none; color: #289abd; font-family: Montserrat; font-size: 14px; font-weight: 600; text-transform: uppercase;\">Ficha T\u00e9cnica<br \/>\n<\/button><\/a><\/p>\n<p><a href=\"https:\/\/shop.wegho.com\/wp-content\/uploads\/2020\/05\/Cif.Professional.Washroom.FS_.pdf\" target=\"blank\" rel=\"noopener noreferrer\"><br \/>\n<button style=\"height: 40px; width: auto; padding: 11px; border: 1px solid #289abd; border-radius: 3px; background: none; color: #289abd; font-family: Montserrat; font-size: 14px; font-weight: 600; text-transform: uppercase;\">Ficha de Seguran\u00e7a<br \/>\n<\/button><\/a><\/p>\n","protected":false},"excerpt":{"rendered":"<p>Poderosa limpeza das casas de banho! O Detergente Desincrustante Casas de Banho Cif Pro Formula 2 in1 remove calc\u00e1rio, sujidade<\/p>\n","protected":false},"featured_media":4454,"template":"","meta":[],"product_cat":[73],"product_tag":[109],"supplier_id":null,"supplier_sku":"","atum_controlled":true,"out_stock_date":"2023-02-17T17:28:07","out_stock_threshold":null,"inheritable":false,"inbound_stock":0,"stock_on_hold":2,"sold_today":0,"sales_last_days":0,"reserved_stock":0,"customer_returns":0,"warehouse_damage":0,"lost_in_post":0,"other_logs":0,"out_stock_days":1173,"lost_sales":630,"has_location":false,"update_date":"2026-05-06T11:13:26","atum_locations":[],"atum_stock_status":"outofstock","low_stock":false,"low_stock_amount":"","sales_update_date":"2026-05-06T11:13:26","_links":{"self":[{"href":"https:\/\/shop.wegho.com\/pt\/wp-json\/wp\/v2\/product\/4401"}],"collection":[{"href":"https:\/\/shop.wegho.com\/pt\/wp-json\/wp\/v2\/product"}],"about":[{"href":"https:\/\/shop.wegho.com\/pt\/wp-json\/wp\/v2\/types\/product"}],"wp:featuredmedia":[{"embeddable":true,"href":"https:\/\/shop.wegho.com\/pt\/wp-json\/wp\/v2\/media\/4454"}],"wp:attachment":[{"href":"https:\/\/shop.wegho.com\/pt\/wp-json\/wp\/v2\/media?parent=4401"}],"wp:term":[{"taxonomy":"product_cat","embeddable":true,"href":"https:\/\/shop.wegho.com\/pt\/wp-json\/wp\/v2\/product_cat?post=4401"},{"taxonomy":"product_tag","embeddable":true,"href":"https:\/\/shop.wegho.com\/pt\/wp-json\/wp\/v2\/product_tag?post=4401"}],"curies":[{"name":"wp","href":"https:\/\/api.w.org\/{rel}","templated":true}]}}